{"id":8252,"date":"2026-01-19T09:02:49","date_gmt":"2026-01-19T08:02:49","guid":{"rendered":"https:\/\/e-kern.webaktuell10.com\/linz\/"},"modified":"2026-02-16T17:49:54","modified_gmt":"2026-02-16T16:49:54","slug":"linz","status":"publish","type":"page","link":"https:\/\/e-kern.webaktuell10.com\/de-at\/kern-welten\/standorte-der-kern-group\/linz\/","title":{"rendered":"Linz"},"content":{"rendered":"\t\t<div data-elementor-type=\"wp-page\" data-elementor-id=\"8252\" class=\"elementor elementor-8252 elementor-6873\" data-elementor-post-type=\"page\">\n\t\t\t\t<div class=\"elementor-element elementor-element-6bd27563 e-con-full e-flex e-con e-parent\" data-id=\"6bd27563\" data-element_type=\"container\" data-e-type=\"container\" data-settings=\"{&quot;background_background&quot;:&quot;classic&quot;}\">\n\t\t\t\t<div class=\"elementor-element elementor-element-d01713b elementor-widget elementor-widget-image\" data-id=\"d01713b\" data-element_type=\"widget\" data-e-type=\"widget\" data-widget_type=\"image.default\">\n\t\t\t\t\t\t\t\t\t\t\t\t\t\t\t<img fetchpriority=\"high\" decoding=\"async\" width=\"1920\" height=\"1080\" src=\"https:\/\/e-kern.webaktuell10.com\/wp-content\/uploads\/2025\/12\/Linz.webp\" class=\"attachment-full size-full wp-image-8253\" alt=\"\" srcset=\"https:\/\/e-kern.webaktuell10.com\/wp-content\/uploads\/2025\/12\/Linz.webp 1920w, https:\/\/e-kern.webaktuell10.com\/wp-content\/uploads\/2025\/12\/Linz-300x169.webp 300w, https:\/\/e-kern.webaktuell10.com\/wp-content\/uploads\/2025\/12\/Linz-1024x576.webp 1024w, https:\/\/e-kern.webaktuell10.com\/wp-content\/uploads\/2025\/12\/Linz-768x432.webp 768w, https:\/\/e-kern.webaktuell10.com\/wp-content\/uploads\/2025\/12\/Linz-1536x864.webp 1536w\" sizes=\"(max-width: 1920px) 100vw, 1920px\" \/>\t\t\t\t\t\t\t\t\t\t\t\t\t\t\t<\/div>\n\t\t\t\t<\/div>\n\t\t<div class=\"elementor-element elementor-element-649888b7 e-flex e-con-boxed e-con e-parent\" data-id=\"649888b7\" data-element_type=\"container\" data-e-type=\"container\">\n\t\t\t\t\t<div class=\"e-con-inner\">\n\t\t<div class=\"elementor-element elementor-element-4fd1d55d e-con-full e-flex e-con e-child\" data-id=\"4fd1d55d\" data-element_type=\"container\" data-e-type=\"container\" data-settings=\"{&quot;background_background&quot;:&quot;classic&quot;}\">\n\t\t\t\t<div class=\"elementor-element elementor-element-3ec77c6e elementor-widget elementor-widget-heading\" data-id=\"3ec77c6e\" data-element_type=\"widget\" data-e-type=\"widget\" data-widget_type=\"heading.default\">\n\t\t\t\t\t<div class=\"elementor-heading-title elementor-size-default\">KERN Austria GmbH<\/div>\t\t\t\t<\/div>\n\t\t\t\t<div class=\"elementor-element elementor-element-2c1c4b74 elementor-widget elementor-widget-heading\" data-id=\"2c1c4b74\" data-element_type=\"widget\" data-e-type=\"widget\" data-widget_type=\"heading.default\">\n\t\t\t\t\t<div class=\"elementor-heading-title elementor-size-default\">Linz<\/div>\t\t\t\t<\/div>\n\t\t\t\t<div class=\"elementor-element elementor-element-7adcb94f elementor-icon-list--layout-traditional elementor-list-item-link-full_width elementor-widget elementor-widget-icon-list\" data-id=\"7adcb94f\" data-element_type=\"widget\" data-e-type=\"widget\" data-widget_type=\"icon-list.default\">\n\t\t\t\t\t\t\t<ul class=\"elementor-icon-list-items\">\n\t\t\t\t\t\t\t<li class=\"elementor-icon-list-item\">\n\t\t\t\t\t\t\t\t\t\t\t<span class=\"elementor-icon-list-icon\">\n\t\t\t\t\t\t\t<svg aria-hidden=\"true\" class=\"e-font-icon-svg e-fas-map-marker-alt\" viewBox=\"0 0 384 512\" xmlns=\"http:\/\/www.w3.org\/2000\/svg\"><path d=\"M172.268 501.67C26.97 291.031 0 269.413 0 192 0 85.961 85.961 0 192 0s192 85.961 192 192c0 77.413-26.97 99.031-172.268 309.67-9.535 13.774-29.93 13.773-39.464 0zM192 272c44.183 0 80-35.817 80-80s-35.817-80-80-80-80 35.817-80 80 35.817 80 80 80z\"><\/path><\/svg>\t\t\t\t\t\t<\/span>\n\t\t\t\t\t\t\t\t\t\t<span class=\"elementor-icon-list-text\">Marienstra\u00dfe 12<\/br>4020 Linz, \u00d6sterreich<\/span>\n\t\t\t\t\t\t\t\t\t<\/li>\n\t\t\t\t\t\t\t\t<li class=\"elementor-icon-list-item\">\n\t\t\t\t\t\t\t\t\t\t\t<span class=\"elementor-icon-list-icon\">\n\t\t\t\t\t\t\t<svg aria-hidden=\"true\" class=\"e-font-icon-svg e-fas-clock\" viewBox=\"0 0 512 512\" xmlns=\"http:\/\/www.w3.org\/2000\/svg\"><path d=\"M256,8C119,8,8,119,8,256S119,504,256,504,504,393,504,256,393,8,256,8Zm92.49,313h0l-20,25a16,16,0,0,1-22.49,2.5h0l-67-49.72a40,40,0,0,1-15-31.23V112a16,16,0,0,1,16-16h32a16,16,0,0,1,16,16V256l58,42.5A16,16,0,0,1,348.49,321Z\"><\/path><\/svg>\t\t\t\t\t\t<\/span>\n\t\t\t\t\t\t\t\t\t\t<span class=\"elementor-icon-list-text\">Mo - Fr: 8:00 - 18:00 Uhr<\/span>\n\t\t\t\t\t\t\t\t\t<\/li>\n\t\t\t\t\t\t\t\t<li class=\"elementor-icon-list-item\">\n\t\t\t\t\t\t\t\t\t\t\t<a href=\"tel:+43732776510\">\n\n\t\t\t\t\t\t\t\t\t\t\t\t<span class=\"elementor-icon-list-icon\">\n\t\t\t\t\t\t\t<svg aria-hidden=\"true\" class=\"e-font-icon-svg e-fas-phone-alt\" viewBox=\"0 0 512 512\" xmlns=\"http:\/\/www.w3.org\/2000\/svg\"><path d=\"M497.39 361.8l-112-48a24 24 0 0 0-28 6.9l-49.6 60.6A370.66 370.66 0 0 1 130.6 204.11l60.6-49.6a23.94 23.94 0 0 0 6.9-28l-48-112A24.16 24.16 0 0 0 122.6.61l-104 24A24 24 0 0 0 0 48c0 256.5 207.9 464 464 464a24 24 0 0 0 23.4-18.6l24-104a24.29 24.29 0 0 0-14.01-27.6z\"><\/path><\/svg>\t\t\t\t\t\t<\/span>\n\t\t\t\t\t\t\t\t\t\t<span class=\"elementor-icon-list-text\">+43 (0)732 77 65 10<\/span>\n\t\t\t\t\t\t\t\t\t\t\t<\/a>\n\t\t\t\t\t\t\t\t\t<\/li>\n\t\t\t\t\t\t\t\t<li class=\"elementor-icon-list-item\">\n\t\t\t\t\t\t\t\t\t\t\t<span class=\"elementor-icon-list-icon\">\n\t\t\t\t\t\t\t<svg aria-hidden=\"true\" class=\"e-font-icon-svg e-fas-fax\" viewBox=\"0 0 512 512\" xmlns=\"http:\/\/www.w3.org\/2000\/svg\"><path d=\"M480 160V77.25a32 32 0 0 0-9.38-22.63L425.37 9.37A32 32 0 0 0 402.75 0H160a32 32 0 0 0-32 32v448a32 32 0 0 0 32 32h320a32 32 0 0 0 32-32V192a32 32 0 0 0-32-32zM288 432a16 16 0 0 1-16 16h-32a16 16 0 0 1-16-16v-32a16 16 0 0 1 16-16h32a16 16 0 0 1 16 16zm0-128a16 16 0 0 1-16 16h-32a16 16 0 0 1-16-16v-32a16 16 0 0 1 16-16h32a16 16 0 0 1 16 16zm128 128a16 16 0 0 1-16 16h-32a16 16 0 0 1-16-16v-32a16 16 0 0 1 16-16h32a16 16 0 0 1 16 16zm0-128a16 16 0 0 1-16 16h-32a16 16 0 0 1-16-16v-32a16 16 0 0 1 16-16h32a16 16 0 0 1 16 16zm0-112H192V64h160v48a16 16 0 0 0 16 16h48zM64 128H32a32 32 0 0 0-32 32v320a32 32 0 0 0 32 32h32a32 32 0 0 0 32-32V160a32 32 0 0 0-32-32z\"><\/path><\/svg>\t\t\t\t\t\t<\/span>\n\t\t\t\t\t\t\t\t\t\t<span class=\"elementor-icon-list-text\">+43 (0)732 77 65 10-49<\/span>\n\t\t\t\t\t\t\t\t\t<\/li>\n\t\t\t\t\t\t\t\t<li class=\"elementor-icon-list-item\">\n\t\t\t\t\t\t\t\t\t\t\t<a href=\"mailto:kern.linz@e-kern.com\">\n\n\t\t\t\t\t\t\t\t\t\t\t\t<span class=\"elementor-icon-list-icon\">\n\t\t\t\t\t\t\t<svg aria-hidden=\"true\" class=\"e-font-icon-svg e-fas-at\" viewBox=\"0 0 512 512\" xmlns=\"http:\/\/www.w3.org\/2000\/svg\"><path d=\"M256 8C118.941 8 8 118.919 8 256c0 137.059 110.919 248 248 248 48.154 0 95.342-14.14 135.408-40.223 12.005-7.815 14.625-24.288 5.552-35.372l-10.177-12.433c-7.671-9.371-21.179-11.667-31.373-5.129C325.92 429.757 291.314 440 256 440c-101.458 0-184-82.542-184-184S154.542 72 256 72c100.139 0 184 57.619 184 160 0 38.786-21.093 79.742-58.17 83.693-17.349-.454-16.91-12.857-13.476-30.024l23.433-121.11C394.653 149.75 383.308 136 368.225 136h-44.981a13.518 13.518 0 0 0-13.432 11.993l-.01.092c-14.697-17.901-40.448-21.775-59.971-21.775-74.58 0-137.831 62.234-137.831 151.46 0 65.303 36.785 105.87 96 105.87 26.984 0 57.369-15.637 74.991-38.333 9.522 34.104 40.613 34.103 70.71 34.103C462.609 379.41 504 307.798 504 232 504 95.653 394.023 8 256 8zm-21.68 304.43c-22.249 0-36.07-15.623-36.07-40.771 0-44.993 30.779-72.729 58.63-72.729 22.292 0 35.601 15.241 35.601 40.77 0 45.061-33.875 72.73-58.161 72.73z\"><\/path><\/svg>\t\t\t\t\t\t<\/span>\n\t\t\t\t\t\t\t\t\t\t<span class=\"elementor-icon-list-text\">kern.linz@e-kern.com<\/span>\n\t\t\t\t\t\t\t\t\t\t\t<\/a>\n\t\t\t\t\t\t\t\t\t<\/li>\n\t\t\t\t\t\t<\/ul>\n\t\t\t\t\t\t<\/div>\n\t\t\t\t<\/div>\n\t\t\t\t\t<\/div>\n\t\t\t\t<\/div>\n\t\t<div class=\"elementor-element elementor-element-4b8357db e-flex e-con-boxed e-con e-parent\" data-id=\"4b8357db\" data-element_type=\"container\" data-e-type=\"container\">\n\t\t\t\t\t<div class=\"e-con-inner\">\n\t\t\t\t<div class=\"elementor-element elementor-element-5055ed19 elementor-widget elementor-widget-breadcrumbs\" data-id=\"5055ed19\" data-element_type=\"widget\" data-e-type=\"widget\" data-widget_type=\"breadcrumbs.default\">\n\t\t\t\t\t<p id=\"breadcrumbs\"><span><span><a href=\"https:\/\/e-kern.webaktuell10.com\/de-at\/\">Startseite<\/a><\/span><\/span><\/p>\t\t\t\t<\/div>\n\t\t\t\t\t<\/div>\n\t\t\t\t<\/div>\n\t\t<div class=\"elementor-element elementor-element-46edc423 e-flex e-con-boxed e-con e-parent\" data-id=\"46edc423\" data-element_type=\"container\" data-e-type=\"container\">\n\t\t\t\t\t<div class=\"e-con-inner\">\n\t\t<div class=\"elementor-element elementor-element-438dfd93 e-con-full e-flex e-con e-child\" data-id=\"438dfd93\" data-element_type=\"container\" data-e-type=\"container\">\n\t\t<div class=\"elementor-element elementor-element-94e9840 e-con-full e-flex e-con e-child\" data-id=\"94e9840\" data-element_type=\"container\" data-e-type=\"container\" data-settings=\"{&quot;background_background&quot;:&quot;gradient&quot;}\">\n\t\t\t\t<\/div>\n\t\t\t\t<div class=\"elementor-element elementor-element-6920f01b elementor-widget elementor-widget-heading\" data-id=\"6920f01b\" data-element_type=\"widget\" data-e-type=\"widget\" data-widget_type=\"heading.default\">\n\t\t\t\t\t<h1 class=\"elementor-heading-title elementor-size-default\">Ihr kompetentes \u00dcbersetzungsb\u00fcro in Linz<\/h1>\t\t\t\t<\/div>\n\t\t\t\t<div class=\"elementor-element elementor-element-1f9c5805 elementor-widget elementor-widget-heading\" data-id=\"1f9c5805\" data-element_type=\"widget\" data-e-type=\"widget\" data-widget_type=\"heading.default\">\n\t\t\t\t\t<div class=\"elementor-heading-title elementor-size-default\">\u00dcbersetzen, Dolmetschen und vieles mehr.<\/div>\t\t\t\t<\/div>\n\t\t\t\t<div class=\"elementor-element elementor-element-3ef50a48 elementor-widget elementor-widget-text-editor\" data-id=\"3ef50a48\" data-element_type=\"widget\" data-e-type=\"widget\" data-widget_type=\"text-editor.default\">\n\t\t\t\t\t\t\t\t\t<p>Direkt im Stadtkern von Linz, in der Marienstra\u00dfe 12, finden Sie Ihren Kern AG-Ansprechpartner f\u00fcr Ober\u00f6sterreich.<\/p><p>Nach Wien, Salzburg und Graz hat der Sprachdienstleister KERN AG im Juni 2015 auch in der ober\u00f6sterreichischen Landeshauptstadt seine Pforten ge\u00f6ffnet und bietet hier bestehenden wie neuen, Gesch\u00e4fts- wie Privatkunden eine professionelle Anlaufstelle f\u00fcr alle Arten von \u00dcbersetzungen, Dolmetschungen und Sprachtrainings in allen Weltsprachen.<\/p><p>Linz ist die drittgr\u00f6\u00dfte Stadt \u00d6sterreichs und Standort weltweit t\u00e4tiger Spitzenunternehmen. Die Region in und um die Landeshauptstadt ist wirtschaftlich neben Schwerindustrie, Automobil- und Maschinenbau immer st\u00e4rker auch in anderen Branchen wie Kunststofftechnik, IT und Logistik vertreten. Dementsprechend erfuhr das ganze Land in den vergangenen Jahrzehnten eine Aufwertung.<\/p><p>Nicht erst seitdem Linz 2009 europ\u00e4ische Kulturhauptstadt wurde verf\u00fcgt die Stadt \u00fcber zahlreiche architektonische Sch\u00e4tze, eine lebendige Musikszene und ein umfangreiches Veranstaltungsprogramm. Die zunehmende Attraktivit\u00e4t \u00fcber die Landesgrenzen hinweg l\u00e4sst sich gut anhand der stetig steigenden Touristen- und Studentenzahlen ablesen.<\/p><p>Mit der verst\u00e4rkten internationalen Pr\u00e4senz und Ausrichtung vieler Unternehmen und Institutionen steigt auch der Bedarf an reibungsloser interkultureller Kommunikation. Hierbei kann Sie KERN \u00fcber die herk\u00f6mmlichen Leistungen eines \u00dcbersetzungsb\u00fcros hinaus mit speziell auf Sie bzw. Ihr Unternehmen zugeschnittenen Sprachkursen, Lokalisierungsprojekten und, dank dem Einsatz modernster Translation Memory-Programme, auch beim Terminologie-Management und der technischen Dokumentation nachhaltig unterst\u00fctzen. Bei allen unseren Dienstleistungen hat maximale Kundenzufriedenheit f\u00fcr uns absolute Priorit\u00e4t.<\/p><p>Die Linzer Filiale betreut sowohl Kunden direkt in Linz als auch in den Bezirken Braunau am Inn, Eferding, Freistadt, Gmunden, Grieskirchen, Kirchdorf an der Krems, Linz-Land, Perg, Ried im Innkreis, Rohrbach, Sch\u00e4rding, Steyr-Land, Urfahr-Umgebung, V\u00f6cklabruck und Wels-Land.<\/p>\t\t\t\t\t\t\t\t<\/div>\n\t\t\t\t<\/div>\n\t\t\t\t\t<\/div>\n\t\t\t\t<\/div>\n\t\t\t\t<\/div>\n\t\t","protected":false},"excerpt":{"rendered":"<p>KERN Austria GmbH Linz Marienstra\u00dfe 124020 Linz, \u00d6sterreich Mo &#8211; Fr: 8:00 &#8211; 18:00 Uhr +43 (0)732 77 65 10 +43 (0)732 77 65 10-49 kern.linz@e-kern.com Ihr kompetentes \u00dcbersetzungsb\u00fcro in Linz \u00dcbersetzen, Dolmetschen und vieles mehr. Direkt im Stadtkern von Linz, in der Marienstra\u00dfe 12, finden Sie Ihren Kern AG-Ansprechpartner f\u00fcr Ober\u00f6sterreich. Nach Wien, Salzburg [&hellip;]<\/p>\n","protected":false},"author":9,"featured_media":8253,"parent":32695,"menu_order":0,"comment_status":"closed","ping_status":"closed","template":"","meta":{"_relevanssi_hide_post":"","_relevanssi_hide_content":"","_relevanssi_pin_for_all":"","_relevanssi_pin_keywords":"","_relevanssi_unpin_keywords":"","_relevanssi_related_keywords":"","_relevanssi_related_include_ids":"","_relevanssi_related_exclude_ids":"","_relevanssi_related_no_append":"","_relevanssi_related_not_related":"","_relevanssi_related_posts":"","_relevanssi_noindex_reason":"","footnotes":""},"folder":[232],"class_list":["post-8252","page","type-page","status-publish","has-post-thumbnail","hentry"],"yoast_head":"<!-- This site is optimized with the Yoast SEO plugin v27.0 - https:\/\/yoast.com\/product\/yoast-seo-wordpress\/ -->\n<title>Linz - \u00dcbersetzen und Dolmetschen in allen Weltsprachen | KERN AG<\/title>\n<meta name=\"robots\" content=\"noindex, follow, max-snippet:-1, max-image-preview:large, max-video-preview:-1\" \/>\n<meta property=\"og:locale\" content=\"en_US\" \/>\n<meta property=\"og:type\" content=\"article\" \/>\n<meta property=\"og:title\" content=\"Linz - \u00dcbersetzen und Dolmetschen in allen Weltsprachen | KERN AG\" \/>\n<meta property=\"og:description\" content=\"KERN Austria GmbH Linz Marienstra\u00dfe 124020 Linz, \u00d6sterreich Mo &#8211; Fr: 8:00 &#8211; 18:00 Uhr +43 (0)732 77 65 10 +43 (0)732 77 65 10-49 kern.linz@e-kern.com Ihr kompetentes \u00dcbersetzungsb\u00fcro in Linz \u00dcbersetzen, Dolmetschen und vieles mehr. Direkt im Stadtkern von Linz, in der Marienstra\u00dfe 12, finden Sie Ihren Kern AG-Ansprechpartner f\u00fcr Ober\u00f6sterreich. Nach Wien, Salzburg [&hellip;]\" \/>\n<meta property=\"og:url\" content=\"https:\/\/e-kern.webaktuell10.com\/de-at\/kern-welten\/standorte-der-kern-group\/linz\/\" \/>\n<meta property=\"og:site_name\" content=\"\u00dcbersetzen und Dolmetschen in allen Weltsprachen | KERN AG\" \/>\n<meta property=\"article:modified_time\" content=\"2026-02-16T16:49:54+00:00\" \/>\n<meta property=\"og:image\" content=\"https:\/\/e-kern.webaktuell10.com\/wp-content\/uploads\/2025\/12\/Linz.webp\" \/>\n\t<meta property=\"og:image:width\" content=\"1920\" \/>\n\t<meta property=\"og:image:height\" content=\"1080\" \/>\n\t<meta property=\"og:image:type\" content=\"image\/webp\" \/>\n<meta name=\"twitter:card\" content=\"summary_large_image\" \/>\n<meta name=\"twitter:label1\" content=\"Est. reading time\" \/>\n\t<meta name=\"twitter:data1\" content=\"2 minutes\" \/>\n<script type=\"application\/ld+json\" class=\"yoast-schema-graph\">{\"@context\":\"https:\/\/schema.org\",\"@graph\":[{\"@type\":\"WebPage\",\"@id\":\"https:\/\/e-kern.webaktuell10.com\/de-at\/kern-welten\/standorte-der-kern-group\/linz\/\",\"url\":\"https:\/\/e-kern.webaktuell10.com\/de-at\/kern-welten\/standorte-der-kern-group\/linz\/\",\"name\":\"Linz - \u00dcbersetzen und Dolmetschen in allen Weltsprachen | KERN AG\",\"isPartOf\":{\"@id\":\"https:\/\/e-kern.webaktuell10.com\/de-at\/#website\"},\"primaryImageOfPage\":{\"@id\":\"https:\/\/e-kern.webaktuell10.com\/de-at\/kern-welten\/standorte-der-kern-group\/linz\/#primaryimage\"},\"image\":{\"@id\":\"https:\/\/e-kern.webaktuell10.com\/de-at\/kern-welten\/standorte-der-kern-group\/linz\/#primaryimage\"},\"thumbnailUrl\":\"https:\/\/e-kern.webaktuell10.com\/wp-content\/uploads\/2025\/12\/Linz.webp\",\"datePublished\":\"2026-01-19T08:02:49+00:00\",\"dateModified\":\"2026-02-16T16:49:54+00:00\",\"breadcrumb\":{\"@id\":\"https:\/\/e-kern.webaktuell10.com\/de-at\/kern-welten\/standorte-der-kern-group\/linz\/#breadcrumb\"},\"inLanguage\":\"AT\",\"potentialAction\":[{\"@type\":\"ReadAction\",\"target\":[\"https:\/\/e-kern.webaktuell10.com\/de-at\/kern-welten\/standorte-der-kern-group\/linz\/\"]}]},{\"@type\":\"ImageObject\",\"inLanguage\":\"AT\",\"@id\":\"https:\/\/e-kern.webaktuell10.com\/de-at\/kern-welten\/standorte-der-kern-group\/linz\/#primaryimage\",\"url\":\"https:\/\/e-kern.webaktuell10.com\/wp-content\/uploads\/2025\/12\/Linz.webp\",\"contentUrl\":\"https:\/\/e-kern.webaktuell10.com\/wp-content\/uploads\/2025\/12\/Linz.webp\",\"width\":1920,\"height\":1080},{\"@type\":\"BreadcrumbList\",\"@id\":\"https:\/\/e-kern.webaktuell10.com\/de-at\/kern-welten\/standorte-der-kern-group\/linz\/#breadcrumb\",\"itemListElement\":[{\"@type\":\"ListItem\",\"position\":1,\"name\":\"Startseite\",\"item\":\"https:\/\/e-kern.webaktuell10.com\/de-at\/\"},{\"@type\":\"ListItem\",\"position\":2,\"name\":\"KERN Welten\",\"item\":\"https:\/\/e-kern.webaktuell10.com\/de-at\/kern-welten\/\"},{\"@type\":\"ListItem\",\"position\":3,\"name\":\"Linz\"}]},{\"@type\":\"WebSite\",\"@id\":\"https:\/\/e-kern.webaktuell10.com\/de-at\/#website\",\"url\":\"https:\/\/e-kern.webaktuell10.com\/de-at\/\",\"name\":\"\u00dcbersetzen und Dolmetschen in allen Weltsprachen | KERN AG\",\"description\":\"\",\"publisher\":{\"@id\":\"https:\/\/e-kern.webaktuell10.com\/de-at\/#organization\"},\"potentialAction\":[{\"@type\":\"SearchAction\",\"target\":{\"@type\":\"EntryPoint\",\"urlTemplate\":\"https:\/\/e-kern.webaktuell10.com\/de-at\/?s={search_term_string}\"},\"query-input\":{\"@type\":\"PropertyValueSpecification\",\"valueRequired\":true,\"valueName\":\"search_term_string\"}}],\"inLanguage\":\"AT\"},{\"@type\":\"Organization\",\"@id\":\"https:\/\/e-kern.webaktuell10.com\/de-at\/#organization\",\"name\":\"\u00dcbersetzen und Dolmetschen in allen Weltsprachen | KERN AG\",\"url\":\"https:\/\/e-kern.webaktuell10.com\/de-at\/\",\"logo\":{\"@type\":\"ImageObject\",\"inLanguage\":\"AT\",\"@id\":\"https:\/\/e-kern.webaktuell10.com\/de-at\/#\/schema\/logo\/image\/\",\"url\":\"https:\/\/e-kern.webaktuell10.com\/wp-content\/uploads\/2025\/10\/kern-ag-logo.svg\",\"contentUrl\":\"https:\/\/e-kern.webaktuell10.com\/wp-content\/uploads\/2025\/10\/kern-ag-logo.svg\",\"width\":668,\"height\":181,\"caption\":\"\u00dcbersetzen und Dolmetschen in allen Weltsprachen | KERN AG\"},\"image\":{\"@id\":\"https:\/\/e-kern.webaktuell10.com\/de-at\/#\/schema\/logo\/image\/\"}}]}<\/script>\n<!-- \/ Yoast SEO plugin. -->","yoast_head_json":{"title":"Linz - \u00dcbersetzen und Dolmetschen in allen Weltsprachen | KERN AG","robots":{"index":"noindex","follow":"follow","max-snippet":"max-snippet:-1","max-image-preview":"max-image-preview:large","max-video-preview":"max-video-preview:-1"},"og_locale":"en_US","og_type":"article","og_title":"Linz - \u00dcbersetzen und Dolmetschen in allen Weltsprachen | KERN AG","og_description":"KERN Austria GmbH Linz Marienstra\u00dfe 124020 Linz, \u00d6sterreich Mo &#8211; Fr: 8:00 &#8211; 18:00 Uhr +43 (0)732 77 65 10 +43 (0)732 77 65 10-49 kern.linz@e-kern.com Ihr kompetentes \u00dcbersetzungsb\u00fcro in Linz \u00dcbersetzen, Dolmetschen und vieles mehr. Direkt im Stadtkern von Linz, in der Marienstra\u00dfe 12, finden Sie Ihren Kern AG-Ansprechpartner f\u00fcr Ober\u00f6sterreich. Nach Wien, Salzburg [&hellip;]","og_url":"https:\/\/e-kern.webaktuell10.com\/de-at\/kern-welten\/standorte-der-kern-group\/linz\/","og_site_name":"\u00dcbersetzen und Dolmetschen in allen Weltsprachen | KERN AG","article_modified_time":"2026-02-16T16:49:54+00:00","og_image":[{"width":1920,"height":1080,"url":"https:\/\/e-kern.webaktuell10.com\/wp-content\/uploads\/2025\/12\/Linz.webp","type":"image\/webp"}],"twitter_card":"summary_large_image","twitter_misc":{"Est. reading time":"2 minutes"},"schema":{"@context":"https:\/\/schema.org","@graph":[{"@type":"WebPage","@id":"https:\/\/e-kern.webaktuell10.com\/de-at\/kern-welten\/standorte-der-kern-group\/linz\/","url":"https:\/\/e-kern.webaktuell10.com\/de-at\/kern-welten\/standorte-der-kern-group\/linz\/","name":"Linz - \u00dcbersetzen und Dolmetschen in allen Weltsprachen | KERN AG","isPartOf":{"@id":"https:\/\/e-kern.webaktuell10.com\/de-at\/#website"},"primaryImageOfPage":{"@id":"https:\/\/e-kern.webaktuell10.com\/de-at\/kern-welten\/standorte-der-kern-group\/linz\/#primaryimage"},"image":{"@id":"https:\/\/e-kern.webaktuell10.com\/de-at\/kern-welten\/standorte-der-kern-group\/linz\/#primaryimage"},"thumbnailUrl":"https:\/\/e-kern.webaktuell10.com\/wp-content\/uploads\/2025\/12\/Linz.webp","datePublished":"2026-01-19T08:02:49+00:00","dateModified":"2026-02-16T16:49:54+00:00","breadcrumb":{"@id":"https:\/\/e-kern.webaktuell10.com\/de-at\/kern-welten\/standorte-der-kern-group\/linz\/#breadcrumb"},"inLanguage":"AT","potentialAction":[{"@type":"ReadAction","target":["https:\/\/e-kern.webaktuell10.com\/de-at\/kern-welten\/standorte-der-kern-group\/linz\/"]}]},{"@type":"ImageObject","inLanguage":"AT","@id":"https:\/\/e-kern.webaktuell10.com\/de-at\/kern-welten\/standorte-der-kern-group\/linz\/#primaryimage","url":"https:\/\/e-kern.webaktuell10.com\/wp-content\/uploads\/2025\/12\/Linz.webp","contentUrl":"https:\/\/e-kern.webaktuell10.com\/wp-content\/uploads\/2025\/12\/Linz.webp","width":1920,"height":1080},{"@type":"BreadcrumbList","@id":"https:\/\/e-kern.webaktuell10.com\/de-at\/kern-welten\/standorte-der-kern-group\/linz\/#breadcrumb","itemListElement":[{"@type":"ListItem","position":1,"name":"Startseite","item":"https:\/\/e-kern.webaktuell10.com\/de-at\/"},{"@type":"ListItem","position":2,"name":"KERN Welten","item":"https:\/\/e-kern.webaktuell10.com\/de-at\/kern-welten\/"},{"@type":"ListItem","position":3,"name":"Linz"}]},{"@type":"WebSite","@id":"https:\/\/e-kern.webaktuell10.com\/de-at\/#website","url":"https:\/\/e-kern.webaktuell10.com\/de-at\/","name":"\u00dcbersetzen und Dolmetschen in allen Weltsprachen | KERN AG","description":"","publisher":{"@id":"https:\/\/e-kern.webaktuell10.com\/de-at\/#organization"},"potentialAction":[{"@type":"SearchAction","target":{"@type":"EntryPoint","urlTemplate":"https:\/\/e-kern.webaktuell10.com\/de-at\/?s={search_term_string}"},"query-input":{"@type":"PropertyValueSpecification","valueRequired":true,"valueName":"search_term_string"}}],"inLanguage":"AT"},{"@type":"Organization","@id":"https:\/\/e-kern.webaktuell10.com\/de-at\/#organization","name":"\u00dcbersetzen und Dolmetschen in allen Weltsprachen | KERN AG","url":"https:\/\/e-kern.webaktuell10.com\/de-at\/","logo":{"@type":"ImageObject","inLanguage":"AT","@id":"https:\/\/e-kern.webaktuell10.com\/de-at\/#\/schema\/logo\/image\/","url":"https:\/\/e-kern.webaktuell10.com\/wp-content\/uploads\/2025\/10\/kern-ag-logo.svg","contentUrl":"https:\/\/e-kern.webaktuell10.com\/wp-content\/uploads\/2025\/10\/kern-ag-logo.svg","width":668,"height":181,"caption":"\u00dcbersetzen und Dolmetschen in allen Weltsprachen | KERN AG"},"image":{"@id":"https:\/\/e-kern.webaktuell10.com\/de-at\/#\/schema\/logo\/image\/"}}]}},"_links":{"self":[{"href":"https:\/\/e-kern.webaktuell10.com\/de-at\/wp-json\/wp\/v2\/pages\/8252","targetHints":{"allow":["GET"]}}],"collection":[{"href":"https:\/\/e-kern.webaktuell10.com\/de-at\/wp-json\/wp\/v2\/pages"}],"about":[{"href":"https:\/\/e-kern.webaktuell10.com\/de-at\/wp-json\/wp\/v2\/types\/page"}],"author":[{"embeddable":true,"href":"https:\/\/e-kern.webaktuell10.com\/de-at\/wp-json\/wp\/v2\/users\/9"}],"replies":[{"embeddable":true,"href":"https:\/\/e-kern.webaktuell10.com\/de-at\/wp-json\/wp\/v2\/comments?post=8252"}],"version-history":[{"count":4,"href":"https:\/\/e-kern.webaktuell10.com\/de-at\/wp-json\/wp\/v2\/pages\/8252\/revisions"}],"predecessor-version":[{"id":20715,"href":"https:\/\/e-kern.webaktuell10.com\/de-at\/wp-json\/wp\/v2\/pages\/8252\/revisions\/20715"}],"up":[{"embeddable":true,"href":"https:\/\/e-kern.webaktuell10.com\/de-at\/wp-json\/wp\/v2\/pages\/32695"}],"wp:featuredmedia":[{"embeddable":true,"href":"https:\/\/e-kern.webaktuell10.com\/de-at\/wp-json\/wp\/v2\/media\/8253"}],"wp:attachment":[{"href":"https:\/\/e-kern.webaktuell10.com\/de-at\/wp-json\/wp\/v2\/media?parent=8252"}],"wp:term":[{"taxonomy":"folder","embeddable":true,"href":"https:\/\/e-kern.webaktuell10.com\/de-at\/wp-json\/wp\/v2\/folder?post=8252"}],"curies":[{"name":"wp","href":"https:\/\/api.w.org\/{rel}","templated":true}]}}