{"id":6993,"date":"2026-01-19T09:54:27","date_gmt":"2026-01-19T08:54:27","guid":{"rendered":"https:\/\/e-kern.webaktuell10.com\/?page_id=6993"},"modified":"2026-02-12T16:19:23","modified_gmt":"2026-02-12T15:19:23","slug":"warschau","status":"publish","type":"page","link":"https:\/\/e-kern.webaktuell10.com\/de\/kern-welten\/standorte\/warschau\/","title":{"rendered":"Warschau"},"content":{"rendered":"\t\t<div data-elementor-type=\"wp-page\" data-elementor-id=\"6993\" class=\"elementor elementor-6993\" data-elementor-post-type=\"page\">\n\t\t\t\t<div class=\"elementor-element elementor-element-7eb2e92b e-con-full e-flex e-con e-parent\" data-id=\"7eb2e92b\" data-element_type=\"container\" data-e-type=\"container\" data-settings=\"{&quot;background_background&quot;:&quot;classic&quot;}\">\n\t\t\t\t<div class=\"elementor-element elementor-element-126b31dc elementor-widget elementor-widget-image\" data-id=\"126b31dc\" data-element_type=\"widget\" data-e-type=\"widget\" data-widget_type=\"image.default\">\n\t\t\t\t\t\t\t\t\t\t\t\t\t\t\t<img fetchpriority=\"high\" decoding=\"async\" width=\"1920\" height=\"1080\" src=\"https:\/\/e-kern.webaktuell10.com\/wp-content\/uploads\/2025\/12\/Warschau.webp\" class=\"attachment-full size-full wp-image-3354\" alt=\"\" srcset=\"https:\/\/e-kern.webaktuell10.com\/wp-content\/uploads\/2025\/12\/Warschau.webp 1920w, https:\/\/e-kern.webaktuell10.com\/wp-content\/uploads\/2025\/12\/Warschau-300x169.webp 300w, https:\/\/e-kern.webaktuell10.com\/wp-content\/uploads\/2025\/12\/Warschau-1024x576.webp 1024w, https:\/\/e-kern.webaktuell10.com\/wp-content\/uploads\/2025\/12\/Warschau-768x432.webp 768w, https:\/\/e-kern.webaktuell10.com\/wp-content\/uploads\/2025\/12\/Warschau-1536x864.webp 1536w\" sizes=\"(max-width: 1920px) 100vw, 1920px\" \/>\t\t\t\t\t\t\t\t\t\t\t\t\t\t\t<\/div>\n\t\t\t\t<\/div>\n\t\t<div class=\"elementor-element elementor-element-4c39a98d e-flex e-con-boxed e-con e-parent\" data-id=\"4c39a98d\" data-element_type=\"container\" data-e-type=\"container\">\n\t\t\t\t\t<div class=\"e-con-inner\">\n\t\t<div class=\"elementor-element elementor-element-3cb6b5b6 e-con-full e-flex e-con e-child\" data-id=\"3cb6b5b6\" data-element_type=\"container\" data-e-type=\"container\" data-settings=\"{&quot;background_background&quot;:&quot;classic&quot;}\">\n\t\t\t\t<div class=\"elementor-element elementor-element-1f328943 elementor-widget elementor-widget-heading\" data-id=\"1f328943\" data-element_type=\"widget\" data-e-type=\"widget\" data-widget_type=\"heading.default\">\n\t\t\t\t\t<div class=\"elementor-heading-title elementor-size-default\">KERN Polska Sp. z o.o<\/div>\t\t\t\t<\/div>\n\t\t\t\t<div class=\"elementor-element elementor-element-2bfd8dc3 elementor-widget elementor-widget-heading\" data-id=\"2bfd8dc3\" data-element_type=\"widget\" data-e-type=\"widget\" data-widget_type=\"heading.default\">\n\t\t\t\t\t<div class=\"elementor-heading-title elementor-size-default\">Warschau<\/div>\t\t\t\t<\/div>\n\t\t\t\t<div class=\"elementor-element elementor-element-15e6dcf2 elementor-icon-list--layout-traditional elementor-list-item-link-full_width elementor-widget elementor-widget-icon-list\" data-id=\"15e6dcf2\" data-element_type=\"widget\" data-e-type=\"widget\" data-widget_type=\"icon-list.default\">\n\t\t\t\t\t\t\t<ul class=\"elementor-icon-list-items\">\n\t\t\t\t\t\t\t<li class=\"elementor-icon-list-item\">\n\t\t\t\t\t\t\t\t\t\t\t<span class=\"elementor-icon-list-icon\">\n\t\t\t\t\t\t\t<svg aria-hidden=\"true\" class=\"e-font-icon-svg e-fas-map-marker-alt\" viewBox=\"0 0 384 512\" xmlns=\"http:\/\/www.w3.org\/2000\/svg\"><path d=\"M172.268 501.67C26.97 291.031 0 269.413 0 192 0 85.961 85.961 0 192 0s192 85.961 192 192c0 77.413-26.97 99.031-172.268 309.67-9.535 13.774-29.93 13.773-39.464 0zM192 272c44.183 0 80-35.817 80-80s-35.817-80-80-80-80 35.817-80 80 35.817 80 80 80z\"><\/path><\/svg>\t\t\t\t\t\t<\/span>\n\t\t\t\t\t\t\t\t\t\t<span class=\"elementor-icon-list-text\">ul. Pi\u0119kna 19<\/br>00-549 Warszawa, Polska<\/span>\n\t\t\t\t\t\t\t\t\t<\/li>\n\t\t\t\t\t\t\t\t<li class=\"elementor-icon-list-item\">\n\t\t\t\t\t\t\t\t\t\t\t<span class=\"elementor-icon-list-icon\">\n\t\t\t\t\t\t\t<svg aria-hidden=\"true\" class=\"e-font-icon-svg e-fas-clock\" viewBox=\"0 0 512 512\" xmlns=\"http:\/\/www.w3.org\/2000\/svg\"><path d=\"M256,8C119,8,8,119,8,256S119,504,256,504,504,393,504,256,393,8,256,8Zm92.49,313h0l-20,25a16,16,0,0,1-22.49,2.5h0l-67-49.72a40,40,0,0,1-15-31.23V112a16,16,0,0,1,16-16h32a16,16,0,0,1,16,16V256l58,42.5A16,16,0,0,1,348.49,321Z\"><\/path><\/svg>\t\t\t\t\t\t<\/span>\n\t\t\t\t\t\t\t\t\t\t<span class=\"elementor-icon-list-text\">Mo - Fr: 8:00 - 18:00 Uhr<\/span>\n\t\t\t\t\t\t\t\t\t<\/li>\n\t\t\t\t\t\t\t\t<li class=\"elementor-icon-list-item\">\n\t\t\t\t\t\t\t\t\t\t\t<a href=\"tel:+48224772715\">\n\n\t\t\t\t\t\t\t\t\t\t\t\t<span class=\"elementor-icon-list-icon\">\n\t\t\t\t\t\t\t<svg aria-hidden=\"true\" class=\"e-font-icon-svg e-fas-phone-alt\" viewBox=\"0 0 512 512\" xmlns=\"http:\/\/www.w3.org\/2000\/svg\"><path d=\"M497.39 361.8l-112-48a24 24 0 0 0-28 6.9l-49.6 60.6A370.66 370.66 0 0 1 130.6 204.11l60.6-49.6a23.94 23.94 0 0 0 6.9-28l-48-112A24.16 24.16 0 0 0 122.6.61l-104 24A24 24 0 0 0 0 48c0 256.5 207.9 464 464 464a24 24 0 0 0 23.4-18.6l24-104a24.29 24.29 0 0 0-14.01-27.6z\"><\/path><\/svg>\t\t\t\t\t\t<\/span>\n\t\t\t\t\t\t\t\t\t\t<span class=\"elementor-icon-list-text\">+48 22 477-27-15<\/span>\n\t\t\t\t\t\t\t\t\t\t\t<\/a>\n\t\t\t\t\t\t\t\t\t<\/li>\n\t\t\t\t\t\t\t\t<li class=\"elementor-icon-list-item\">\n\t\t\t\t\t\t\t\t\t\t\t<span class=\"elementor-icon-list-icon\">\n\t\t\t\t\t\t\t<svg aria-hidden=\"true\" class=\"e-font-icon-svg e-fas-fax\" viewBox=\"0 0 512 512\" xmlns=\"http:\/\/www.w3.org\/2000\/svg\"><path d=\"M480 160V77.25a32 32 0 0 0-9.38-22.63L425.37 9.37A32 32 0 0 0 402.75 0H160a32 32 0 0 0-32 32v448a32 32 0 0 0 32 32h320a32 32 0 0 0 32-32V192a32 32 0 0 0-32-32zM288 432a16 16 0 0 1-16 16h-32a16 16 0 0 1-16-16v-32a16 16 0 0 1 16-16h32a16 16 0 0 1 16 16zm0-128a16 16 0 0 1-16 16h-32a16 16 0 0 1-16-16v-32a16 16 0 0 1 16-16h32a16 16 0 0 1 16 16zm128 128a16 16 0 0 1-16 16h-32a16 16 0 0 1-16-16v-32a16 16 0 0 1 16-16h32a16 16 0 0 1 16 16zm0-128a16 16 0 0 1-16 16h-32a16 16 0 0 1-16-16v-32a16 16 0 0 1 16-16h32a16 16 0 0 1 16 16zm0-112H192V64h160v48a16 16 0 0 0 16 16h48zM64 128H32a32 32 0 0 0-32 32v320a32 32 0 0 0 32 32h32a32 32 0 0 0 32-32V160a32 32 0 0 0-32-32z\"><\/path><\/svg>\t\t\t\t\t\t<\/span>\n\t\t\t\t\t\t\t\t\t\t<span class=\"elementor-icon-list-text\">+48 22 477-27-19<\/span>\n\t\t\t\t\t\t\t\t\t<\/li>\n\t\t\t\t\t\t\t\t<li class=\"elementor-icon-list-item\">\n\t\t\t\t\t\t\t\t\t\t\t<a href=\"mailto:kern.warszawa@e-kern.com\">\n\n\t\t\t\t\t\t\t\t\t\t\t\t<span class=\"elementor-icon-list-icon\">\n\t\t\t\t\t\t\t<svg aria-hidden=\"true\" class=\"e-font-icon-svg e-fas-at\" viewBox=\"0 0 512 512\" xmlns=\"http:\/\/www.w3.org\/2000\/svg\"><path d=\"M256 8C118.941 8 8 118.919 8 256c0 137.059 110.919 248 248 248 48.154 0 95.342-14.14 135.408-40.223 12.005-7.815 14.625-24.288 5.552-35.372l-10.177-12.433c-7.671-9.371-21.179-11.667-31.373-5.129C325.92 429.757 291.314 440 256 440c-101.458 0-184-82.542-184-184S154.542 72 256 72c100.139 0 184 57.619 184 160 0 38.786-21.093 79.742-58.17 83.693-17.349-.454-16.91-12.857-13.476-30.024l23.433-121.11C394.653 149.75 383.308 136 368.225 136h-44.981a13.518 13.518 0 0 0-13.432 11.993l-.01.092c-14.697-17.901-40.448-21.775-59.971-21.775-74.58 0-137.831 62.234-137.831 151.46 0 65.303 36.785 105.87 96 105.87 26.984 0 57.369-15.637 74.991-38.333 9.522 34.104 40.613 34.103 70.71 34.103C462.609 379.41 504 307.798 504 232 504 95.653 394.023 8 256 8zm-21.68 304.43c-22.249 0-36.07-15.623-36.07-40.771 0-44.993 30.779-72.729 58.63-72.729 22.292 0 35.601 15.241 35.601 40.77 0 45.061-33.875 72.73-58.161 72.73z\"><\/path><\/svg>\t\t\t\t\t\t<\/span>\n\t\t\t\t\t\t\t\t\t\t<span class=\"elementor-icon-list-text\">kern.warszawa@e-kern.com<\/span>\n\t\t\t\t\t\t\t\t\t\t\t<\/a>\n\t\t\t\t\t\t\t\t\t<\/li>\n\t\t\t\t\t\t<\/ul>\n\t\t\t\t\t\t<\/div>\n\t\t\t\t<\/div>\n\t\t\t\t\t<\/div>\n\t\t\t\t<\/div>\n\t\t<div class=\"elementor-element elementor-element-43b3f954 e-flex e-con-boxed e-con e-parent\" data-id=\"43b3f954\" data-element_type=\"container\" data-e-type=\"container\">\n\t\t\t\t\t<div class=\"e-con-inner\">\n\t\t\t\t<div class=\"elementor-element elementor-element-5e27c939 elementor-widget elementor-widget-breadcrumbs\" data-id=\"5e27c939\" data-element_type=\"widget\" data-e-type=\"widget\" data-widget_type=\"breadcrumbs.default\">\n\t\t\t\t\t<p id=\"breadcrumbs\"><span><span><a href=\"https:\/\/e-kern.webaktuell10.com\/de\/\">Startseite<\/a><\/span><\/span><\/p>\t\t\t\t<\/div>\n\t\t\t\t\t<\/div>\n\t\t\t\t<\/div>\n\t\t<div class=\"elementor-element elementor-element-2ba50970 e-flex e-con-boxed e-con e-parent\" data-id=\"2ba50970\" data-element_type=\"container\" data-e-type=\"container\">\n\t\t\t\t\t<div class=\"e-con-inner\">\n\t\t<div class=\"elementor-element elementor-element-78928a0c e-con-full e-flex e-con e-child\" data-id=\"78928a0c\" data-element_type=\"container\" data-e-type=\"container\">\n\t\t<div class=\"elementor-element elementor-element-5c1e673a e-con-full e-flex e-con e-child\" data-id=\"5c1e673a\" data-element_type=\"container\" data-e-type=\"container\" data-settings=\"{&quot;background_background&quot;:&quot;gradient&quot;}\">\n\t\t\t\t<\/div>\n\t\t\t\t<div class=\"elementor-element elementor-element-3d67f108 elementor-widget elementor-widget-heading\" data-id=\"3d67f108\" data-element_type=\"widget\" data-e-type=\"widget\" data-widget_type=\"heading.default\">\n\t\t\t\t\t<h1 class=\"elementor-heading-title elementor-size-default\">Ihr kompetentes \u00dcbersetzungsb\u00fcro in Warschau<\/h1>\t\t\t\t<\/div>\n\t\t\t\t<div class=\"elementor-element elementor-element-8e8845b elementor-widget elementor-widget-heading\" data-id=\"8e8845b\" data-element_type=\"widget\" data-e-type=\"widget\" data-widget_type=\"heading.default\">\n\t\t\t\t\t<div class=\"elementor-heading-title elementor-size-default\">\u00dcbersetzen, Dolmetschen und vieles mehr.<\/div>\t\t\t\t<\/div>\n\t\t\t\t<div class=\"elementor-element elementor-element-7fd3871c elementor-widget elementor-widget-text-editor\" data-id=\"7fd3871c\" data-element_type=\"widget\" data-e-type=\"widget\" data-widget_type=\"text-editor.default\">\n\t\t\t\t\t\t\t\t\t<p>Die KERN Group begr\u00fc\u00dft Kunden und Interessenten seit 2015 auch in der polnischen Hauptstadt Warschau! Als zw\u00f6lfter er\u00f6ffneter Auslandsstandort hilft er, Kunden aus dem mittel- und osteurop\u00e4ischen Raum noch umfassender mit unserem vielf\u00e4ltigen Portfolio fremdsprachlicher Dienstleistungen unterst\u00fctzen zu k\u00f6nnen.<\/p><p>Als gr\u00f6\u00dfte und bev\u00f6lkerungsreichste Stadt Polens fungiert Warschau mit zahlreichen Institutionen, Universit\u00e4ten und ans\u00e4ssigen Unternehmen als politisches, wirtschaftliches sowie kulturelles Zentrum des Landes. Unsere Filiale findet sich zentral im Innenstadtbereich in etwa zwei Kilometern Entfernung vom Warszawa Hauptbahnhof. Schauen Sie doch mal bei KERN vorbei und lassen Sie sich \u00fcber die neuesten Entwicklungen im Bereich \u00dcbersetzen, Dolmetschen und Sprachentraining informieren \u2013 wir freuen uns auf Ihren Besuch!<\/p>\t\t\t\t\t\t\t\t<\/div>\n\t\t\t\t<\/div>\n\t\t\t\t\t<\/div>\n\t\t\t\t<\/div>\n\t\t\t\t<\/div>\n\t\t","protected":false},"excerpt":{"rendered":"<p>KERN Polska Sp. z o.o Warschau ul. Pi\u0119kna 1900-549 Warszawa, Polska Mo &#8211; Fr: 8:00 &#8211; 18:00 Uhr +48 22 477-27-15 +48 22 477-27-19 kern.warszawa@e-kern.com Ihr kompetentes \u00dcbersetzungsb\u00fcro in Warschau \u00dcbersetzen, Dolmetschen und vieles mehr. Die KERN Group begr\u00fc\u00dft Kunden und Interessenten seit 2015 auch in der polnischen Hauptstadt Warschau! Als zw\u00f6lfter er\u00f6ffneter Auslandsstandort hilft [&hellip;]<\/p>\n","protected":false},"author":9,"featured_media":3354,"parent":17934,"menu_order":0,"comment_status":"closed","ping_status":"closed","template":"","meta":{"_relevanssi_hide_post":"","_relevanssi_hide_content":"","_relevanssi_pin_for_all":"","_relevanssi_pin_keywords":"","_relevanssi_unpin_keywords":"","_relevanssi_related_keywords":"","_relevanssi_related_include_ids":"","_relevanssi_related_exclude_ids":"","_relevanssi_related_no_append":"","_relevanssi_related_not_related":"","_relevanssi_related_posts":"","_relevanssi_noindex_reason":"","footnotes":""},"folder":[232],"class_list":["post-6993","page","type-page","status-publish","has-post-thumbnail","hentry"],"yoast_head":"<!-- This site is optimized with the Yoast SEO plugin v27.0 - https:\/\/yoast.com\/product\/yoast-seo-wordpress\/ -->\n<title>Warschau - \u00dcbersetzen und Dolmetschen in allen Weltsprachen | KERN AG<\/title>\n<meta name=\"robots\" content=\"noindex, follow, max-snippet:-1, max-image-preview:large, max-video-preview:-1\" \/>\n<meta property=\"og:locale\" content=\"de_DE\" \/>\n<meta property=\"og:type\" content=\"article\" \/>\n<meta property=\"og:title\" content=\"Warschau - \u00dcbersetzen und Dolmetschen in allen Weltsprachen | KERN AG\" \/>\n<meta property=\"og:description\" content=\"KERN Polska Sp. z o.o Warschau ul. Pi\u0119kna 1900-549 Warszawa, Polska Mo &#8211; Fr: 8:00 &#8211; 18:00 Uhr +48 22 477-27-15 +48 22 477-27-19 kern.warszawa@e-kern.com Ihr kompetentes \u00dcbersetzungsb\u00fcro in Warschau \u00dcbersetzen, Dolmetschen und vieles mehr. Die KERN Group begr\u00fc\u00dft Kunden und Interessenten seit 2015 auch in der polnischen Hauptstadt Warschau! Als zw\u00f6lfter er\u00f6ffneter Auslandsstandort hilft [&hellip;]\" \/>\n<meta property=\"og:url\" content=\"https:\/\/e-kern.webaktuell10.com\/de\/kern-welten\/standorte\/warschau\/\" \/>\n<meta property=\"og:site_name\" content=\"\u00dcbersetzen und Dolmetschen in allen Weltsprachen | KERN AG\" \/>\n<meta property=\"article:modified_time\" content=\"2026-02-12T15:19:23+00:00\" \/>\n<meta property=\"og:image\" content=\"https:\/\/e-kern.webaktuell10.com\/wp-content\/uploads\/2025\/12\/Warschau.webp\" \/>\n\t<meta property=\"og:image:width\" content=\"1920\" \/>\n\t<meta property=\"og:image:height\" content=\"1080\" \/>\n\t<meta property=\"og:image:type\" content=\"image\/webp\" \/>\n<meta name=\"twitter:card\" content=\"summary_large_image\" \/>\n<meta name=\"twitter:label1\" content=\"Gesch\u00e4tzte Lesezeit\" \/>\n\t<meta name=\"twitter:data1\" content=\"1\u00a0Minute\" \/>\n<script type=\"application\/ld+json\" class=\"yoast-schema-graph\">{\"@context\":\"https:\/\/schema.org\",\"@graph\":[{\"@type\":\"WebPage\",\"@id\":\"https:\/\/e-kern.webaktuell10.com\/de\/kern-welten\/standorte\/warschau\/\",\"url\":\"https:\/\/e-kern.webaktuell10.com\/de\/kern-welten\/standorte\/warschau\/\",\"name\":\"Warschau - \u00dcbersetzen und Dolmetschen in allen Weltsprachen | KERN AG\",\"isPartOf\":{\"@id\":\"https:\/\/e-kern.webaktuell10.com\/de\/#website\"},\"primaryImageOfPage\":{\"@id\":\"https:\/\/e-kern.webaktuell10.com\/de\/kern-welten\/standorte\/warschau\/#primaryimage\"},\"image\":{\"@id\":\"https:\/\/e-kern.webaktuell10.com\/de\/kern-welten\/standorte\/warschau\/#primaryimage\"},\"thumbnailUrl\":\"https:\/\/e-kern.webaktuell10.com\/wp-content\/uploads\/2025\/12\/Warschau.webp\",\"datePublished\":\"2026-01-19T08:54:27+00:00\",\"dateModified\":\"2026-02-12T15:19:23+00:00\",\"breadcrumb\":{\"@id\":\"https:\/\/e-kern.webaktuell10.com\/de\/kern-welten\/standorte\/warschau\/#breadcrumb\"},\"inLanguage\":\"de\",\"potentialAction\":[{\"@type\":\"ReadAction\",\"target\":[\"https:\/\/e-kern.webaktuell10.com\/de\/kern-welten\/standorte\/warschau\/\"]}]},{\"@type\":\"ImageObject\",\"inLanguage\":\"de\",\"@id\":\"https:\/\/e-kern.webaktuell10.com\/de\/kern-welten\/standorte\/warschau\/#primaryimage\",\"url\":\"https:\/\/e-kern.webaktuell10.com\/wp-content\/uploads\/2025\/12\/Warschau.webp\",\"contentUrl\":\"https:\/\/e-kern.webaktuell10.com\/wp-content\/uploads\/2025\/12\/Warschau.webp\",\"width\":1920,\"height\":1080},{\"@type\":\"BreadcrumbList\",\"@id\":\"https:\/\/e-kern.webaktuell10.com\/de\/kern-welten\/standorte\/warschau\/#breadcrumb\",\"itemListElement\":[{\"@type\":\"ListItem\",\"position\":1,\"name\":\"Startseite\",\"item\":\"https:\/\/e-kern.webaktuell10.com\/de\/\"},{\"@type\":\"ListItem\",\"position\":2,\"name\":\"KERN Welten\",\"item\":\"https:\/\/e-kern.webaktuell10.com\/de\/kern-welten\/\"},{\"@type\":\"ListItem\",\"position\":3,\"name\":\"Standorte der KERN Group\",\"item\":\"https:\/\/e-kern.webaktuell10.com\/de\/kern-welten\/standorte\/\"},{\"@type\":\"ListItem\",\"position\":4,\"name\":\"Warschau\"}]},{\"@type\":\"WebSite\",\"@id\":\"https:\/\/e-kern.webaktuell10.com\/de\/#website\",\"url\":\"https:\/\/e-kern.webaktuell10.com\/de\/\",\"name\":\"\u00dcbersetzen und Dolmetschen in allen Weltsprachen | KERN AG\",\"description\":\"\",\"publisher\":{\"@id\":\"https:\/\/e-kern.webaktuell10.com\/de\/#organization\"},\"potentialAction\":[{\"@type\":\"SearchAction\",\"target\":{\"@type\":\"EntryPoint\",\"urlTemplate\":\"https:\/\/e-kern.webaktuell10.com\/de\/?s={search_term_string}\"},\"query-input\":{\"@type\":\"PropertyValueSpecification\",\"valueRequired\":true,\"valueName\":\"search_term_string\"}}],\"inLanguage\":\"de\"},{\"@type\":\"Organization\",\"@id\":\"https:\/\/e-kern.webaktuell10.com\/de\/#organization\",\"name\":\"\u00dcbersetzen und Dolmetschen in allen Weltsprachen | KERN AG\",\"url\":\"https:\/\/e-kern.webaktuell10.com\/de\/\",\"logo\":{\"@type\":\"ImageObject\",\"inLanguage\":\"de\",\"@id\":\"https:\/\/e-kern.webaktuell10.com\/de\/#\/schema\/logo\/image\/\",\"url\":\"https:\/\/e-kern.webaktuell10.com\/wp-content\/uploads\/2025\/10\/kern-ag-logo.svg\",\"contentUrl\":\"https:\/\/e-kern.webaktuell10.com\/wp-content\/uploads\/2025\/10\/kern-ag-logo.svg\",\"width\":668,\"height\":181,\"caption\":\"\u00dcbersetzen und Dolmetschen in allen Weltsprachen | KERN AG\"},\"image\":{\"@id\":\"https:\/\/e-kern.webaktuell10.com\/de\/#\/schema\/logo\/image\/\"}}]}<\/script>\n<!-- \/ Yoast SEO plugin. -->","yoast_head_json":{"title":"Warschau - \u00dcbersetzen und Dolmetschen in allen Weltsprachen | KERN AG","robots":{"index":"noindex","follow":"follow","max-snippet":"max-snippet:-1","max-image-preview":"max-image-preview:large","max-video-preview":"max-video-preview:-1"},"og_locale":"de_DE","og_type":"article","og_title":"Warschau - \u00dcbersetzen und Dolmetschen in allen Weltsprachen | KERN AG","og_description":"KERN Polska Sp. z o.o Warschau ul. Pi\u0119kna 1900-549 Warszawa, Polska Mo &#8211; Fr: 8:00 &#8211; 18:00 Uhr +48 22 477-27-15 +48 22 477-27-19 kern.warszawa@e-kern.com Ihr kompetentes \u00dcbersetzungsb\u00fcro in Warschau \u00dcbersetzen, Dolmetschen und vieles mehr. Die KERN Group begr\u00fc\u00dft Kunden und Interessenten seit 2015 auch in der polnischen Hauptstadt Warschau! Als zw\u00f6lfter er\u00f6ffneter Auslandsstandort hilft [&hellip;]","og_url":"https:\/\/e-kern.webaktuell10.com\/de\/kern-welten\/standorte\/warschau\/","og_site_name":"\u00dcbersetzen und Dolmetschen in allen Weltsprachen | KERN AG","article_modified_time":"2026-02-12T15:19:23+00:00","og_image":[{"width":1920,"height":1080,"url":"https:\/\/e-kern.webaktuell10.com\/wp-content\/uploads\/2025\/12\/Warschau.webp","type":"image\/webp"}],"twitter_card":"summary_large_image","twitter_misc":{"Gesch\u00e4tzte Lesezeit":"1\u00a0Minute"},"schema":{"@context":"https:\/\/schema.org","@graph":[{"@type":"WebPage","@id":"https:\/\/e-kern.webaktuell10.com\/de\/kern-welten\/standorte\/warschau\/","url":"https:\/\/e-kern.webaktuell10.com\/de\/kern-welten\/standorte\/warschau\/","name":"Warschau - \u00dcbersetzen und Dolmetschen in allen Weltsprachen | KERN AG","isPartOf":{"@id":"https:\/\/e-kern.webaktuell10.com\/de\/#website"},"primaryImageOfPage":{"@id":"https:\/\/e-kern.webaktuell10.com\/de\/kern-welten\/standorte\/warschau\/#primaryimage"},"image":{"@id":"https:\/\/e-kern.webaktuell10.com\/de\/kern-welten\/standorte\/warschau\/#primaryimage"},"thumbnailUrl":"https:\/\/e-kern.webaktuell10.com\/wp-content\/uploads\/2025\/12\/Warschau.webp","datePublished":"2026-01-19T08:54:27+00:00","dateModified":"2026-02-12T15:19:23+00:00","breadcrumb":{"@id":"https:\/\/e-kern.webaktuell10.com\/de\/kern-welten\/standorte\/warschau\/#breadcrumb"},"inLanguage":"de","potentialAction":[{"@type":"ReadAction","target":["https:\/\/e-kern.webaktuell10.com\/de\/kern-welten\/standorte\/warschau\/"]}]},{"@type":"ImageObject","inLanguage":"de","@id":"https:\/\/e-kern.webaktuell10.com\/de\/kern-welten\/standorte\/warschau\/#primaryimage","url":"https:\/\/e-kern.webaktuell10.com\/wp-content\/uploads\/2025\/12\/Warschau.webp","contentUrl":"https:\/\/e-kern.webaktuell10.com\/wp-content\/uploads\/2025\/12\/Warschau.webp","width":1920,"height":1080},{"@type":"BreadcrumbList","@id":"https:\/\/e-kern.webaktuell10.com\/de\/kern-welten\/standorte\/warschau\/#breadcrumb","itemListElement":[{"@type":"ListItem","position":1,"name":"Startseite","item":"https:\/\/e-kern.webaktuell10.com\/de\/"},{"@type":"ListItem","position":2,"name":"KERN Welten","item":"https:\/\/e-kern.webaktuell10.com\/de\/kern-welten\/"},{"@type":"ListItem","position":3,"name":"Standorte der KERN Group","item":"https:\/\/e-kern.webaktuell10.com\/de\/kern-welten\/standorte\/"},{"@type":"ListItem","position":4,"name":"Warschau"}]},{"@type":"WebSite","@id":"https:\/\/e-kern.webaktuell10.com\/de\/#website","url":"https:\/\/e-kern.webaktuell10.com\/de\/","name":"\u00dcbersetzen und Dolmetschen in allen Weltsprachen | KERN AG","description":"","publisher":{"@id":"https:\/\/e-kern.webaktuell10.com\/de\/#organization"},"potentialAction":[{"@type":"SearchAction","target":{"@type":"EntryPoint","urlTemplate":"https:\/\/e-kern.webaktuell10.com\/de\/?s={search_term_string}"},"query-input":{"@type":"PropertyValueSpecification","valueRequired":true,"valueName":"search_term_string"}}],"inLanguage":"de"},{"@type":"Organization","@id":"https:\/\/e-kern.webaktuell10.com\/de\/#organization","name":"\u00dcbersetzen und Dolmetschen in allen Weltsprachen | KERN AG","url":"https:\/\/e-kern.webaktuell10.com\/de\/","logo":{"@type":"ImageObject","inLanguage":"de","@id":"https:\/\/e-kern.webaktuell10.com\/de\/#\/schema\/logo\/image\/","url":"https:\/\/e-kern.webaktuell10.com\/wp-content\/uploads\/2025\/10\/kern-ag-logo.svg","contentUrl":"https:\/\/e-kern.webaktuell10.com\/wp-content\/uploads\/2025\/10\/kern-ag-logo.svg","width":668,"height":181,"caption":"\u00dcbersetzen und Dolmetschen in allen Weltsprachen | KERN AG"},"image":{"@id":"https:\/\/e-kern.webaktuell10.com\/de\/#\/schema\/logo\/image\/"}}]}},"_links":{"self":[{"href":"https:\/\/e-kern.webaktuell10.com\/de\/wp-json\/wp\/v2\/pages\/6993","targetHints":{"allow":["GET"]}}],"collection":[{"href":"https:\/\/e-kern.webaktuell10.com\/de\/wp-json\/wp\/v2\/pages"}],"about":[{"href":"https:\/\/e-kern.webaktuell10.com\/de\/wp-json\/wp\/v2\/types\/page"}],"author":[{"embeddable":true,"href":"https:\/\/e-kern.webaktuell10.com\/de\/wp-json\/wp\/v2\/users\/9"}],"replies":[{"embeddable":true,"href":"https:\/\/e-kern.webaktuell10.com\/de\/wp-json\/wp\/v2\/comments?post=6993"}],"version-history":[{"count":10,"href":"https:\/\/e-kern.webaktuell10.com\/de\/wp-json\/wp\/v2\/pages\/6993\/revisions"}],"predecessor-version":[{"id":20874,"href":"https:\/\/e-kern.webaktuell10.com\/de\/wp-json\/wp\/v2\/pages\/6993\/revisions\/20874"}],"up":[{"embeddable":true,"href":"https:\/\/e-kern.webaktuell10.com\/de\/wp-json\/wp\/v2\/pages\/17934"}],"wp:featuredmedia":[{"embeddable":true,"href":"https:\/\/e-kern.webaktuell10.com\/de\/wp-json\/wp\/v2\/media\/3354"}],"wp:attachment":[{"href":"https:\/\/e-kern.webaktuell10.com\/de\/wp-json\/wp\/v2\/media?parent=6993"}],"wp:term":[{"taxonomy":"folder","embeddable":true,"href":"https:\/\/e-kern.webaktuell10.com\/de\/wp-json\/wp\/v2\/folder?post=6993"}],"curies":[{"name":"wp","href":"https:\/\/api.w.org\/{rel}","templated":true}]}}