{"id":21513,"date":"2026-01-26T10:28:11","date_gmt":"2026-01-26T09:28:11","guid":{"rendered":"https:\/\/e-kern.webaktuell10.com\/freelances\/"},"modified":"2026-02-18T12:30:25","modified_gmt":"2026-02-18T11:30:25","slug":"freelances","status":"publish","type":"page","link":"https:\/\/e-kern.webaktuell10.com\/fr\/lunivers-kern\/carrire\/freelances\/","title":{"rendered":"Freelances"},"content":{"rendered":"\t\t<div data-elementor-type=\"wp-page\" data-elementor-id=\"21513\" class=\"elementor elementor-21513 elementor-8833\" data-elementor-post-type=\"page\">\n\t\t\t\t<div class=\"elementor-element elementor-element-291fbc82 elementor-hidden-laptop elementor-hidden-tablet elementor-hidden-mobile e-flex e-con-boxed e-con e-parent\" data-id=\"291fbc82\" data-element_type=\"container\" data-e-type=\"container\" data-settings=\"{&quot;background_background&quot;:&quot;classic&quot;}\">\n\t\t\t\t\t<div class=\"e-con-inner\">\n\t\t\t\t\t<\/div>\n\t\t\t\t<\/div>\n\t\t<div class=\"elementor-element elementor-element-70291725 e-flex e-con-boxed e-con e-parent\" data-id=\"70291725\" data-element_type=\"container\" data-e-type=\"container\" data-settings=\"{&quot;background_background&quot;:&quot;classic&quot;}\">\n\t\t\t\t\t<div class=\"e-con-inner\">\n\t\t\t\t<div class=\"elementor-element elementor-element-b551d3f elementor-widget elementor-widget-breadcrumbs\" data-id=\"b551d3f\" data-element_type=\"widget\" data-e-type=\"widget\" data-widget_type=\"breadcrumbs.default\">\n\t\t\t\t\t<p id=\"breadcrumbs\"><span><span><a href=\"https:\/\/e-kern.webaktuell10.com\/fr\/\">Accueil<\/a><\/span><\/span><\/p>\t\t\t\t<\/div>\n\t\t\t\t\t<\/div>\n\t\t\t\t<\/div>\n\t\t<div class=\"elementor-element elementor-element-c610c25 e-flex e-con-boxed e-con e-parent\" data-id=\"c610c25\" data-element_type=\"container\" data-e-type=\"container\">\n\t\t\t\t\t<div class=\"e-con-inner\">\n\t\t<div class=\"elementor-element elementor-element-59279cf e-con-full e-flex e-con e-child\" data-id=\"59279cf\" data-element_type=\"container\" data-e-type=\"container\">\n\t\t<div class=\"elementor-element elementor-element-d36286a e-con-full e-flex e-con e-child\" data-id=\"d36286a\" data-element_type=\"container\" data-e-type=\"container\" data-settings=\"{&quot;background_background&quot;:&quot;gradient&quot;}\">\n\t\t\t\t<\/div>\n\t\t\t\t<div class=\"elementor-element elementor-element-fdc3890 elementor-widget elementor-widget-heading\" data-id=\"fdc3890\" data-element_type=\"widget\" data-e-type=\"widget\" data-widget_type=\"heading.default\">\n\t\t\t\t\t<h1 class=\"elementor-heading-title elementor-size-default\">Freelances<\/h1>\t\t\t\t<\/div>\n\t\t\t\t<div class=\"elementor-element elementor-element-e76972b elementor-widget elementor-widget-heading\" data-id=\"e76972b\" data-element_type=\"widget\" data-e-type=\"widget\" data-widget_type=\"heading.default\">\n\t\t\t\t\t<div class=\"elementor-heading-title elementor-size-default\">Freelances pour la traduction, l\u2019interpr\u00e9tation et la documentation technique<\/div>\t\t\t\t<\/div>\n\t\t\t\t<\/div>\n\t\t\t\t\t<\/div>\n\t\t\t\t<\/div>\n\t\t<div class=\"elementor-element elementor-element-e1e9dd6 e-flex e-con-boxed e-con e-parent\" data-id=\"e1e9dd6\" data-element_type=\"container\" data-e-type=\"container\">\n\t\t\t\t\t<div class=\"e-con-inner\">\n\t\t<div class=\"elementor-element elementor-element-446b7ba e-con-full e-flex elementor-invisible e-con e-child\" data-id=\"446b7ba\" data-element_type=\"container\" data-e-type=\"container\" data-settings=\"{&quot;animation&quot;:&quot;fadeInLeft&quot;}\">\n\t\t\t\t<div class=\"elementor-element elementor-element-64df230 elementor-widget elementor-widget-text-editor\" data-id=\"64df230\" data-element_type=\"widget\" data-e-type=\"widget\" data-widget_type=\"text-editor.default\">\n\t\t\t\t\t\t\t\t\t<p>En tant que prestataire mondial de services linguistiques, nous recherchons en permanence des professionnels qualifi\u00e9s et passionn\u00e9s pour renforcer notre \u00e9quipe de freelances. Chez KERN, nous vous offrons la possibilit\u00e9 de travailler sur une grande vari\u00e9t\u00e9 de projets passionnants et exigeants, qui exploitent au mieux vos comp\u00e9tences et vous permettent de les d\u00e9velopper. <\/p>\t\t\t\t\t\t\t\t<\/div>\n\t\t\t\t<\/div>\n\t\t<div class=\"elementor-element elementor-element-c096c4c e-con-full e-flex elementor-invisible e-con e-child\" data-id=\"c096c4c\" data-element_type=\"container\" data-e-type=\"container\" data-settings=\"{&quot;animation&quot;:&quot;fadeInRight&quot;}\">\n\t\t\t\t<div class=\"elementor-element elementor-element-53369dc elementor-widget elementor-widget-image\" data-id=\"53369dc\" data-element_type=\"widget\" data-e-type=\"widget\" data-widget_type=\"image.default\">\n\t\t\t\t\t\t\t\t\t\t\t\t\t\t\t<img fetchpriority=\"high\" decoding=\"async\" width=\"1024\" height=\"768\" src=\"https:\/\/e-kern.webaktuell10.com\/wp-content\/uploads\/2026\/01\/lokalisierung-e-learning.webp\" class=\"attachment-full size-full wp-image-21515\" alt=\"\" srcset=\"https:\/\/e-kern.webaktuell10.com\/wp-content\/uploads\/2026\/01\/lokalisierung-e-learning.webp 1024w, https:\/\/e-kern.webaktuell10.com\/wp-content\/uploads\/2026\/01\/lokalisierung-e-learning-300x225.webp 300w, https:\/\/e-kern.webaktuell10.com\/wp-content\/uploads\/2026\/01\/lokalisierung-e-learning-768x576.webp 768w\" sizes=\"(max-width: 1024px) 100vw, 1024px\" \/>\t\t\t\t\t\t\t\t\t\t\t\t\t\t\t<\/div>\n\t\t\t\t<\/div>\n\t\t\t\t\t<\/div>\n\t\t\t\t<\/div>\n\t\t<div class=\"elementor-element elementor-element-182bfea e-flex e-con-boxed e-con e-parent\" data-id=\"182bfea\" data-element_type=\"container\" data-e-type=\"container\">\n\t\t\t\t\t<div class=\"e-con-inner\">\n\t\t<div class=\"elementor-element elementor-element-221316f e-con-full e-flex elementor-invisible e-con e-child\" data-id=\"221316f\" data-element_type=\"container\" data-e-type=\"container\" data-settings=\"{&quot;animation&quot;:&quot;fadeInLeft&quot;}\">\n\t\t\t\t<div class=\"elementor-element elementor-element-6c56fdb elementor-widget elementor-widget-image\" data-id=\"6c56fdb\" data-element_type=\"widget\" data-e-type=\"widget\" data-widget_type=\"image.default\">\n\t\t\t\t\t\t\t\t\t\t\t\t\t\t\t<img decoding=\"async\" width=\"1024\" height=\"768\" src=\"https:\/\/e-kern.webaktuell10.com\/wp-content\/uploads\/2025\/12\/RSI-VoiceApp.webp\" class=\"attachment-full size-full wp-image-21516\" alt=\"KERN pr\u00e9sente une mise \u00e0 jour innovante pour la RSI VoiceApp\u2122\" srcset=\"https:\/\/e-kern.webaktuell10.com\/wp-content\/uploads\/2025\/12\/RSI-VoiceApp.webp 1024w, https:\/\/e-kern.webaktuell10.com\/wp-content\/uploads\/2025\/12\/RSI-VoiceApp-300x225.webp 300w, https:\/\/e-kern.webaktuell10.com\/wp-content\/uploads\/2025\/12\/RSI-VoiceApp-768x576.webp 768w\" sizes=\"(max-width: 1024px) 100vw, 1024px\" \/>\t\t\t\t\t\t\t\t\t\t\t\t\t\t\t<\/div>\n\t\t\t\t<\/div>\n\t\t<div class=\"elementor-element elementor-element-ff238d6 e-con-full e-flex elementor-invisible e-con e-child\" data-id=\"ff238d6\" data-element_type=\"container\" data-e-type=\"container\" data-settings=\"{&quot;animation&quot;:&quot;fadeInRight&quot;}\">\n\t\t\t\t<div class=\"elementor-element elementor-element-1efc0ba elementor-widget elementor-widget-text-editor\" data-id=\"1efc0ba\" data-element_type=\"widget\" data-e-type=\"widget\" data-widget_type=\"text-editor.default\">\n\t\t\t\t\t\t\t\t\t<p>Nous appr\u00e9cions la diversit\u00e9 et l\u2019engagement de nos freelances et vous offrons une plateforme o\u00f9 vous pouvez d\u00e9montrer vos comp\u00e9tences professionnelles dans un environnement professionnel. Nos projets vont de grandes missions internationales \u00e0 de petites t\u00e2ches sp\u00e9cialis\u00e9es n\u00e9cessitant des connaissances pr\u00e9cises. <\/p><p><strong>Rejoignez notre \u00e9quipe de freelances !<\/strong><br><strong>Nous attendons avec plaisir votre dossier de candidature par e-mail !<\/strong><\/p>\t\t\t\t\t\t\t\t<\/div>\n\t\t\t\t<div class=\"elementor-element elementor-element-88d5194 elementor-widget elementor-widget-button\" data-id=\"88d5194\" data-element_type=\"widget\" data-e-type=\"widget\" data-widget_type=\"button.default\">\n\t\t\t\t\t\t\t\t\t\t<a class=\"elementor-button elementor-button-link elementor-size-sm\" href=\"mailto:lieferanten@e-kern.com\">\n\t\t\t\t\t\t<span class=\"elementor-button-content-wrapper\">\n\t\t\t\t\t\t<span class=\"elementor-button-icon\">\n\t\t\t\t<svg aria-hidden=\"true\" class=\"e-font-icon-svg e-fas-arrow-right\" viewBox=\"0 0 448 512\" xmlns=\"http:\/\/www.w3.org\/2000\/svg\"><path d=\"M190.5 66.9l22.2-22.2c9.4-9.4 24.6-9.4 33.9 0L441 239c9.4 9.4 9.4 24.6 0 33.9L246.6 467.3c-9.4 9.4-24.6 9.4-33.9 0l-22.2-22.2c-9.5-9.5-9.3-25 .4-34.3L311.4 296H24c-13.3 0-24-10.7-24-24v-32c0-13.3 10.7-24 24-24h287.4L190.9 101.2c-9.8-9.3-10-24.8-.4-34.3z\"><\/path><\/svg>\t\t\t<\/span>\n\t\t\t\t\t\t\t\t\t<span class=\"elementor-button-text\">\u00c9crire un e-mail<\/span>\n\t\t\t\t\t<\/span>\n\t\t\t\t\t<\/a>\n\t\t\t\t\t\t\t\t<\/div>\n\t\t\t\t<\/div>\n\t\t\t\t\t<\/div>\n\t\t\t\t<\/div>\n\t\t\t\t<\/div>\n\t\t","protected":false},"excerpt":{"rendered":"<p>Rejoignez notre \u00e9quipe de freelances : traduction, interpr\u00e9tation et documentation technique dans des projets passionnants.<\/p>\n","protected":false},"author":9,"featured_media":21514,"parent":25991,"menu_order":0,"comment_status":"closed","ping_status":"closed","template":"","meta":{"_relevanssi_hide_post":"","_relevanssi_hide_content":"","_relevanssi_pin_for_all":"","_relevanssi_pin_keywords":"","_relevanssi_unpin_keywords":"","_relevanssi_related_keywords":"","_relevanssi_related_include_ids":"","_relevanssi_related_exclude_ids":"","_relevanssi_related_no_append":"","_relevanssi_related_not_related":"","_relevanssi_related_posts":"","_relevanssi_noindex_reason":"","footnotes":""},"folder":[246,239],"class_list":["post-21513","page","type-page","status-publish","has-post-thumbnail","hentry"],"yoast_head":"<!-- This site is optimized with the Yoast SEO plugin v27.0 - https:\/\/yoast.com\/product\/yoast-seo-wordpress\/ -->\n<title>Freelances pour la traduction, l\u2019interpr\u00e9tation et la documentation technique<\/title>\n<meta name=\"description\" content=\"Rejoignez notre \u00e9quipe de freelances : traduction, interpr\u00e9tation et documentation technique dans des projets passionnants. En savoir plus ici !\" \/>\n<meta name=\"robots\" content=\"noindex, follow, max-snippet:-1, max-image-preview:large, max-video-preview:-1\" \/>\n<meta property=\"og:locale\" content=\"fr_FR\" \/>\n<meta property=\"og:type\" content=\"article\" \/>\n<meta property=\"og:title\" content=\"Freelances pour la traduction, l\u2019interpr\u00e9tation et la documentation technique\" \/>\n<meta property=\"og:description\" content=\"Rejoignez notre \u00e9quipe de freelances : traduction, interpr\u00e9tation et documentation technique dans des projets passionnants. En savoir plus ici !\" \/>\n<meta property=\"og:url\" content=\"https:\/\/e-kern.webaktuell10.com\/fr\/lunivers-kern\/carrire\/freelances\/\" \/>\n<meta property=\"og:site_name\" content=\"\u00dcbersetzen und Dolmetschen in allen Weltsprachen | KERN AG\" \/>\n<meta property=\"article:modified_time\" content=\"2026-02-18T11:30:25+00:00\" \/>\n<meta property=\"og:image\" content=\"https:\/\/e-kern.webaktuell10.com\/wp-content\/uploads\/2025\/12\/lektorat-korrekturlesen.webp\" \/>\n\t<meta property=\"og:image:width\" content=\"1920\" \/>\n\t<meta property=\"og:image:height\" content=\"1080\" \/>\n\t<meta property=\"og:image:type\" content=\"image\/webp\" \/>\n<meta name=\"twitter:card\" content=\"summary_large_image\" \/>\n<meta name=\"twitter:label1\" content=\"Dur\u00e9e de lecture estim\u00e9e\" \/>\n\t<meta name=\"twitter:data1\" content=\"1 minute\" \/>\n<script type=\"application\/ld+json\" class=\"yoast-schema-graph\">{\"@context\":\"https:\/\/schema.org\",\"@graph\":[{\"@type\":\"WebPage\",\"@id\":\"https:\/\/e-kern.webaktuell10.com\/fr\/lunivers-kern\/carrire\/freelances\/\",\"url\":\"https:\/\/e-kern.webaktuell10.com\/fr\/lunivers-kern\/carrire\/freelances\/\",\"name\":\"Freelances pour la traduction, l\u2019interpr\u00e9tation et la documentation technique\",\"isPartOf\":{\"@id\":\"https:\/\/e-kern.webaktuell10.com\/fr\/#website\"},\"primaryImageOfPage\":{\"@id\":\"https:\/\/e-kern.webaktuell10.com\/fr\/lunivers-kern\/carrire\/freelances\/#primaryimage\"},\"image\":{\"@id\":\"https:\/\/e-kern.webaktuell10.com\/fr\/lunivers-kern\/carrire\/freelances\/#primaryimage\"},\"thumbnailUrl\":\"https:\/\/e-kern.webaktuell10.com\/wp-content\/uploads\/2025\/12\/lektorat-korrekturlesen.webp\",\"datePublished\":\"2026-01-26T09:28:11+00:00\",\"dateModified\":\"2026-02-18T11:30:25+00:00\",\"description\":\"Rejoignez notre \u00e9quipe de freelances : traduction, interpr\u00e9tation et documentation technique dans des projets passionnants. En savoir plus ici !\",\"breadcrumb\":{\"@id\":\"https:\/\/e-kern.webaktuell10.com\/fr\/lunivers-kern\/carrire\/freelances\/#breadcrumb\"},\"inLanguage\":\"fr-FR\",\"potentialAction\":[{\"@type\":\"ReadAction\",\"target\":[\"https:\/\/e-kern.webaktuell10.com\/fr\/lunivers-kern\/carrire\/freelances\/\"]}]},{\"@type\":\"ImageObject\",\"inLanguage\":\"fr-FR\",\"@id\":\"https:\/\/e-kern.webaktuell10.com\/fr\/lunivers-kern\/carrire\/freelances\/#primaryimage\",\"url\":\"https:\/\/e-kern.webaktuell10.com\/wp-content\/uploads\/2025\/12\/lektorat-korrekturlesen.webp\",\"contentUrl\":\"https:\/\/e-kern.webaktuell10.com\/wp-content\/uploads\/2025\/12\/lektorat-korrekturlesen.webp\",\"width\":1920,\"height\":1080},{\"@type\":\"BreadcrumbList\",\"@id\":\"https:\/\/e-kern.webaktuell10.com\/fr\/lunivers-kern\/carrire\/freelances\/#breadcrumb\",\"itemListElement\":[{\"@type\":\"ListItem\",\"position\":1,\"name\":\"Accueil\",\"item\":\"https:\/\/e-kern.webaktuell10.com\/fr\/\"},{\"@type\":\"ListItem\",\"position\":2,\"name\":\"L\u2019univers KERN\",\"item\":\"https:\/\/e-kern.webaktuell10.com\/fr\/kern-welten\/\"},{\"@type\":\"ListItem\",\"position\":3,\"name\":\"Carri&egrave;re\",\"item\":\"https:\/\/e-kern.webaktuell10.com\/fr\/kern-welten\/karriere\/\"},{\"@type\":\"ListItem\",\"position\":4,\"name\":\"Freelances\"}]},{\"@type\":\"WebSite\",\"@id\":\"https:\/\/e-kern.webaktuell10.com\/fr\/#website\",\"url\":\"https:\/\/e-kern.webaktuell10.com\/fr\/\",\"name\":\"\u00dcbersetzen und Dolmetschen in allen Weltsprachen | KERN AG\",\"description\":\"\",\"publisher\":{\"@id\":\"https:\/\/e-kern.webaktuell10.com\/fr\/#organization\"},\"potentialAction\":[{\"@type\":\"SearchAction\",\"target\":{\"@type\":\"EntryPoint\",\"urlTemplate\":\"https:\/\/e-kern.webaktuell10.com\/fr\/?s={search_term_string}\"},\"query-input\":{\"@type\":\"PropertyValueSpecification\",\"valueRequired\":true,\"valueName\":\"search_term_string\"}}],\"inLanguage\":\"fr-FR\"},{\"@type\":\"Organization\",\"@id\":\"https:\/\/e-kern.webaktuell10.com\/fr\/#organization\",\"name\":\"\u00dcbersetzen und Dolmetschen in allen Weltsprachen | KERN AG\",\"url\":\"https:\/\/e-kern.webaktuell10.com\/fr\/\",\"logo\":{\"@type\":\"ImageObject\",\"inLanguage\":\"fr-FR\",\"@id\":\"https:\/\/e-kern.webaktuell10.com\/fr\/#\/schema\/logo\/image\/\",\"url\":\"https:\/\/e-kern.webaktuell10.com\/wp-content\/uploads\/2025\/10\/kern-ag-logo.svg\",\"contentUrl\":\"https:\/\/e-kern.webaktuell10.com\/wp-content\/uploads\/2025\/10\/kern-ag-logo.svg\",\"width\":668,\"height\":181,\"caption\":\"\u00dcbersetzen und Dolmetschen in allen Weltsprachen | KERN AG\"},\"image\":{\"@id\":\"https:\/\/e-kern.webaktuell10.com\/fr\/#\/schema\/logo\/image\/\"}}]}<\/script>\n<!-- \/ Yoast SEO plugin. -->","yoast_head_json":{"title":"Freelances pour la traduction, l\u2019interpr\u00e9tation et la documentation technique","description":"Rejoignez notre \u00e9quipe de freelances : traduction, interpr\u00e9tation et documentation technique dans des projets passionnants. En savoir plus ici !","robots":{"index":"noindex","follow":"follow","max-snippet":"max-snippet:-1","max-image-preview":"max-image-preview:large","max-video-preview":"max-video-preview:-1"},"og_locale":"fr_FR","og_type":"article","og_title":"Freelances pour la traduction, l\u2019interpr\u00e9tation et la documentation technique","og_description":"Rejoignez notre \u00e9quipe de freelances : traduction, interpr\u00e9tation et documentation technique dans des projets passionnants. En savoir plus ici !","og_url":"https:\/\/e-kern.webaktuell10.com\/fr\/lunivers-kern\/carrire\/freelances\/","og_site_name":"\u00dcbersetzen und Dolmetschen in allen Weltsprachen | KERN AG","article_modified_time":"2026-02-18T11:30:25+00:00","og_image":[{"width":1920,"height":1080,"url":"https:\/\/e-kern.webaktuell10.com\/wp-content\/uploads\/2025\/12\/lektorat-korrekturlesen.webp","type":"image\/webp"}],"twitter_card":"summary_large_image","twitter_misc":{"Dur\u00e9e de lecture estim\u00e9e":"1 minute"},"schema":{"@context":"https:\/\/schema.org","@graph":[{"@type":"WebPage","@id":"https:\/\/e-kern.webaktuell10.com\/fr\/lunivers-kern\/carrire\/freelances\/","url":"https:\/\/e-kern.webaktuell10.com\/fr\/lunivers-kern\/carrire\/freelances\/","name":"Freelances pour la traduction, l\u2019interpr\u00e9tation et la documentation technique","isPartOf":{"@id":"https:\/\/e-kern.webaktuell10.com\/fr\/#website"},"primaryImageOfPage":{"@id":"https:\/\/e-kern.webaktuell10.com\/fr\/lunivers-kern\/carrire\/freelances\/#primaryimage"},"image":{"@id":"https:\/\/e-kern.webaktuell10.com\/fr\/lunivers-kern\/carrire\/freelances\/#primaryimage"},"thumbnailUrl":"https:\/\/e-kern.webaktuell10.com\/wp-content\/uploads\/2025\/12\/lektorat-korrekturlesen.webp","datePublished":"2026-01-26T09:28:11+00:00","dateModified":"2026-02-18T11:30:25+00:00","description":"Rejoignez notre \u00e9quipe de freelances : traduction, interpr\u00e9tation et documentation technique dans des projets passionnants. En savoir plus ici !","breadcrumb":{"@id":"https:\/\/e-kern.webaktuell10.com\/fr\/lunivers-kern\/carrire\/freelances\/#breadcrumb"},"inLanguage":"fr-FR","potentialAction":[{"@type":"ReadAction","target":["https:\/\/e-kern.webaktuell10.com\/fr\/lunivers-kern\/carrire\/freelances\/"]}]},{"@type":"ImageObject","inLanguage":"fr-FR","@id":"https:\/\/e-kern.webaktuell10.com\/fr\/lunivers-kern\/carrire\/freelances\/#primaryimage","url":"https:\/\/e-kern.webaktuell10.com\/wp-content\/uploads\/2025\/12\/lektorat-korrekturlesen.webp","contentUrl":"https:\/\/e-kern.webaktuell10.com\/wp-content\/uploads\/2025\/12\/lektorat-korrekturlesen.webp","width":1920,"height":1080},{"@type":"BreadcrumbList","@id":"https:\/\/e-kern.webaktuell10.com\/fr\/lunivers-kern\/carrire\/freelances\/#breadcrumb","itemListElement":[{"@type":"ListItem","position":1,"name":"Accueil","item":"https:\/\/e-kern.webaktuell10.com\/fr\/"},{"@type":"ListItem","position":2,"name":"L\u2019univers KERN","item":"https:\/\/e-kern.webaktuell10.com\/fr\/kern-welten\/"},{"@type":"ListItem","position":3,"name":"Carri&egrave;re","item":"https:\/\/e-kern.webaktuell10.com\/fr\/kern-welten\/karriere\/"},{"@type":"ListItem","position":4,"name":"Freelances"}]},{"@type":"WebSite","@id":"https:\/\/e-kern.webaktuell10.com\/fr\/#website","url":"https:\/\/e-kern.webaktuell10.com\/fr\/","name":"\u00dcbersetzen und Dolmetschen in allen Weltsprachen | KERN AG","description":"","publisher":{"@id":"https:\/\/e-kern.webaktuell10.com\/fr\/#organization"},"potentialAction":[{"@type":"SearchAction","target":{"@type":"EntryPoint","urlTemplate":"https:\/\/e-kern.webaktuell10.com\/fr\/?s={search_term_string}"},"query-input":{"@type":"PropertyValueSpecification","valueRequired":true,"valueName":"search_term_string"}}],"inLanguage":"fr-FR"},{"@type":"Organization","@id":"https:\/\/e-kern.webaktuell10.com\/fr\/#organization","name":"\u00dcbersetzen und Dolmetschen in allen Weltsprachen | KERN AG","url":"https:\/\/e-kern.webaktuell10.com\/fr\/","logo":{"@type":"ImageObject","inLanguage":"fr-FR","@id":"https:\/\/e-kern.webaktuell10.com\/fr\/#\/schema\/logo\/image\/","url":"https:\/\/e-kern.webaktuell10.com\/wp-content\/uploads\/2025\/10\/kern-ag-logo.svg","contentUrl":"https:\/\/e-kern.webaktuell10.com\/wp-content\/uploads\/2025\/10\/kern-ag-logo.svg","width":668,"height":181,"caption":"\u00dcbersetzen und Dolmetschen in allen Weltsprachen | KERN AG"},"image":{"@id":"https:\/\/e-kern.webaktuell10.com\/fr\/#\/schema\/logo\/image\/"}}]}},"_links":{"self":[{"href":"https:\/\/e-kern.webaktuell10.com\/fr\/wp-json\/wp\/v2\/pages\/21513","targetHints":{"allow":["GET"]}}],"collection":[{"href":"https:\/\/e-kern.webaktuell10.com\/fr\/wp-json\/wp\/v2\/pages"}],"about":[{"href":"https:\/\/e-kern.webaktuell10.com\/fr\/wp-json\/wp\/v2\/types\/page"}],"author":[{"embeddable":true,"href":"https:\/\/e-kern.webaktuell10.com\/fr\/wp-json\/wp\/v2\/users\/9"}],"replies":[{"embeddable":true,"href":"https:\/\/e-kern.webaktuell10.com\/fr\/wp-json\/wp\/v2\/comments?post=21513"}],"version-history":[{"count":6,"href":"https:\/\/e-kern.webaktuell10.com\/fr\/wp-json\/wp\/v2\/pages\/21513\/revisions"}],"predecessor-version":[{"id":30526,"href":"https:\/\/e-kern.webaktuell10.com\/fr\/wp-json\/wp\/v2\/pages\/21513\/revisions\/30526"}],"up":[{"embeddable":true,"href":"https:\/\/e-kern.webaktuell10.com\/fr\/wp-json\/wp\/v2\/pages\/25991"}],"wp:featuredmedia":[{"embeddable":true,"href":"https:\/\/e-kern.webaktuell10.com\/fr\/wp-json\/wp\/v2\/media\/21514"}],"wp:attachment":[{"href":"https:\/\/e-kern.webaktuell10.com\/fr\/wp-json\/wp\/v2\/media?parent=21513"}],"wp:term":[{"taxonomy":"folder","embeddable":true,"href":"https:\/\/e-kern.webaktuell10.com\/fr\/wp-json\/wp\/v2\/folder?post=21513"}],"curies":[{"name":"wp","href":"https:\/\/api.w.org\/{rel}","templated":true}]}}