{"id":28840,"date":"2026-01-06T15:06:32","date_gmt":"2026-01-06T14:06:32","guid":{"rendered":"https:\/\/e-kern.webaktuell10.com\/?page_id=28840"},"modified":"2026-02-16T17:40:14","modified_gmt":"2026-02-16T16:40:14","slug":"politique-de-confidentialite","status":"publish","type":"page","link":"https:\/\/e-kern.webaktuell10.com\/fr\/politique-de-confidentialite\/","title":{"rendered":"Politique de confidentialit\u00e9 de KERN"},"content":{"rendered":"\t\t<div data-elementor-type=\"wp-page\" data-elementor-id=\"28840\" class=\"elementor elementor-28840 elementor-4944\" data-elementor-post-type=\"page\">\n\t\t\t\t<div class=\"elementor-element elementor-element-25778d6d e-flex e-con-boxed e-con e-parent\" data-id=\"25778d6d\" data-element_type=\"container\" data-e-type=\"container\">\n\t\t\t\t\t<div class=\"e-con-inner\">\n\t\t<div class=\"elementor-element elementor-element-25a82199 e-con-full e-flex e-con e-child\" data-id=\"25a82199\" data-element_type=\"container\" data-e-type=\"container\">\n\t\t<div class=\"elementor-element elementor-element-330ff08b e-con-full e-flex e-con e-child\" data-id=\"330ff08b\" data-element_type=\"container\" data-e-type=\"container\" data-settings=\"{&quot;background_background&quot;:&quot;gradient&quot;}\">\n\t\t\t\t<\/div>\n\t\t\t\t<div class=\"elementor-element elementor-element-19b31d52 elementor-widget elementor-widget-heading\" data-id=\"19b31d52\" data-element_type=\"widget\" data-e-type=\"widget\" data-widget_type=\"heading.default\">\n\t\t\t\t\t<h1 class=\"elementor-heading-title elementor-size-default\">Politique de confidentialit\u00e9 de KERN<\/h1>\t\t\t\t<\/div>\n\t\t\t\t<div class=\"elementor-element elementor-element-b3d7dbc elementor-widget elementor-widget-text-editor\" data-id=\"b3d7dbc\" data-element_type=\"widget\" data-e-type=\"widget\" data-widget_type=\"text-editor.default\">\n\t\t\t\t\t\t\t\t\t<h2>Principe<\/h2><p>Nous prenons tr\u00e8s au s\u00e9rieux la protection de vos donn\u00e9es personnelles et les traitons de fa\u00e7on confidentielle, conform\u00e9ment aux r\u00e8glements l\u00e9gaux et \u00e0 la pr\u00e9sente d\u00e9claration de confidentialit\u00e9.\u00a0\u00a0<b>\u00a0<\/b><\/p><h5>Collecte de donn\u00e9es<\/h5><p>Nous ne collectons, ne traitons ou n&rsquo;utilisons de donn\u00e9es personnelles que dans la seule mesure o\u00f9 cela est n\u00e9cessaire pour la cr\u00e9ation, l&rsquo;\u00e9laboration du contenu ou une modification de la relation contractuelle (donn\u00e9es permanentes). Nous ne collectons pas de donn\u00e9es personnelles sur l&rsquo;utilisation de notre site web (donn\u00e9es d&rsquo;utilisation).<\/p><h2>Traitement des donn\u00e9es sur le pr\u00e9sent site Internet<\/h2><p>Nous collectons et enregistrons automatiquement les informations via des fichiers journal que votre navigateur nous communique automatiquement. Il s&rsquo;agit du type\/de la version de votre navigateur, du syst\u00e8me d&rsquo;exploitation utilis\u00e9, de l&rsquo;URL de r\u00e9f\u00e9rence et\u00a0 de l&rsquo;heure de la requ\u00eate du serveur. Ces donn\u00e9es ne peuvent pas \u00eatre attribu\u00e9es \u00e0 des personnes pr\u00e9cises. Une corr\u00e9lation entre ces donn\u00e9es et d&rsquo;autres sources de donn\u00e9es n&rsquo;est pas effectu\u00e9e.<\/p><h2>Utilisation de cookies<\/h2><p>Les sites Internet utilisent parfois ce qu&rsquo;on appelle les cookies. Ils servent \u00e0 rendre notre offre plus conviviale, plus efficace et plus s\u00fbre. Les cookies sont de petits fichiers texte qui sont d\u00e9pos\u00e9s sur votre ordinateur et sont enregistr\u00e9s par votre navigateur. La plupart des cookies que nous utilisons sont des cookies dits \u00ab\u00a0de session\u00a0\u00bb. Ils sont automatiquement effac\u00e9s \u00e0 la fin de votre visite. Les cookies n&rsquo;endommagent pas votre ordinateur et ne contiennent aucun virus.<\/p><h2>Newsletter<\/h2><p>Si vous d\u00e9sirez recevoir toutes les newsletters propos\u00e9es sur notre site, veuillez nous indiquer votre adresse e-mail. Vous pouvez vous d\u00e9sabonner sans frais et \u00e0 tout moment en cliquant sur le lien contenu dans la newsletter.<\/p><p>Nous avons conclu un contrat avec Newsletter2Go, notre service de marketing par courriel, quant \u00e0 la proc\u00e9dure de traitement des donn\u00e9es. Cela garantit que notre prestataire de services, lors de l&rsquo;envoi de la newsletter, se conforme enti\u00e8rement aux exigences strictes de la loi de protection des donn\u00e9es allemande. Cela garantit \u00e9galement que vos donn\u00e9es soient uniquement enregistr\u00e9es au sein de l&rsquo;Union europ\u00e9enne, avec un niveau de protection \u00e9lev\u00e9. Vos donn\u00e9es ne seront pas enregistr\u00e9es sur des serveurs hors de l&rsquo;Union europ\u00e9enne.<\/p><h2>Formulaire de contact<\/h2><p>Lorsque vous nous envoyez une demande via le formulaire de contact, les donn\u00e9es et coordonn\u00e9es que vous indiquez dans ce formulaire sont enregistr\u00e9es chez nous pour le traitement de la demande et au cas o\u00f9 nous aurions des questions au sujet de votre demande. Ces donn\u00e9es ne seront pas divulgu\u00e9es sans votre consentement.<\/p><h2>Transmission de donn\u00e9es lors de commandes et de r\u00e9servations sur cette page<\/h2><p>Nous ne transmettons des donn\u00e9es personnelles \u00e0 des tiers que si cela est n\u00e9cessaire dans le cadre de l&rsquo;ex\u00e9cution du contrat\u00a0; par exemple, \u00e0 la banque charg\u00e9e du traitement des paiements. Une transmission de vos donn\u00e9es autre que celle convenue (\u00e0 des fins publicitaires, par exemple), n&rsquo;a pas lieu. Vous pouvez, \u00e0 tout moment et sans frais, vous opposer \u00e0 l&rsquo;utilisation de l&rsquo;adresse e-mail enregistr\u00e9e dans le cadre de la commande. Il suffit de nous envoyer un e-mail \u00e0 l&rsquo;adresse\u00a0<a class=\"mail\" title=\"Opens internal link in current window\" href=\"mailto:dataprotection@e-kern.com\">dataprotection@e-kern.com<\/a>.<\/p><h2>Droit de contestation et droit d&rsquo;acc\u00e8s<\/h2><p>Vous \u00eates \u00e0 tout moment en droit de recevoir une information gratuite sur vos donn\u00e9es personnelles enregistr\u00e9es chez nous, leur origine et leur destination, ainsi que sur le but du traitement des donn\u00e9es\u00a0; vous \u00eates \u00e9galement en droit de faire corriger, bloquer ou supprimer ces donn\u00e9es.<\/p><p>Si vous avez des questions rest\u00e9es sans r\u00e9ponses dans la pr\u00e9sente Politique de confidentialit\u00e9, vous pouvez \u00e0 tout moment nous contacter via les coordonn\u00e9es indiqu\u00e9es dans les \u00a0<a class=\"internal-link\" title=\"Mentions l\u00e9gales\" href=\"https:\/\/www.e-kern.com\/fr\/mentions-legales\/\">mentions l\u00e9gales<\/a>\u00a0 ou \u00e0 l&rsquo;adresse e-mail suivante\u00a0:\u00a0<a class=\"mail\" title=\"Opens internal link in current window\" href=\"mailto:dataprotection@e-kern.com\">dataprotection@e-kern.com<\/a>.\u00a0<\/p><h2>Utilisation de Google Analytics et Google Remarketing<\/h2><p>Ce site web utilise Google Analytics et Google Remarketing. Il s&rsquo;agit d&rsquo;un service de Google Inc. (\u00ab\u00a0Google\u00a0\u00bb). Google utilise les \u00ab\u00a0cookies\u00a0\u00bb, ces fichiers de texte qui sont enregistr\u00e9s sur votre ordinateur et gr\u00e2ce auxquels il est possible d&rsquo;analyser votre navigation sur le site Internet. Les informations g\u00e9n\u00e9r\u00e9es par le cookie concernant votre utilisation de ce site web (y compris votre adresse IP) sont transf\u00e9r\u00e9es \u00e0 un serveur de Google aux \u00c9tats-Unis et y sont stock\u00e9es. Les trois derniers caract\u00e8res de votre adresse IP sont ensuite supprim\u00e9s par Google, de fa\u00e7on \u00e0 rendre impossible l&rsquo;identification sans \u00e9quivoque de votre adresse IP. Google adh\u00e8re \u00e0 la politique de confidentialit\u00e9 de l&rsquo;accord de la \u00ab\u00a0US-Safe-Harbor\u00a0\u00bb et fait partie int\u00e9grante du programme \u00ab\u00a0Safe Harbor\u00a0\u00bb du Minist\u00e8re du commerce aux \u00c9tats-Unis.<\/p><p>Google utilisera ces informations afin d&rsquo;exploiter votre utilisation du site Internet, d&rsquo;\u00e9tablir des rapports quant \u00e0 l&rsquo;activit\u00e9 de sites Internet \u00e0 l&rsquo;attention des webmasters de ces sites, et de proposer des services en lien avec l&rsquo;utilisation des sites et d&rsquo;Internet. Qui plus est, Google est susceptible de transmettre ces informations \u00e0 des tiers dans la mesure o\u00f9 la l\u00e9gislation l&rsquo;impose, ou si des tiers traitent ces donn\u00e9es pour le compte de Google.<\/p><p>Des tiers, y compris Google, ins\u00e8rent des annonces sur les sites Internet. Des tiers, y compris Google, utilisent les cookies enregistr\u00e9s pour ins\u00e9rer des annonces sur la base de visites ant\u00e9rieures d&rsquo;un utilisateur sur le site Internet.<\/p><p>Google n&rsquo;associera en aucun cas votre adresse IP \u00e0 d&rsquo;autres donn\u00e9es de Google. Il vous est \u00e0 tout moment possible de vous opposer, sans effet r\u00e9troactif, \u00e0 la collecte et \u00e0 l&rsquo;enregistrement de vos donn\u00e9es. Vous pouvez d\u00e9sactiver l&rsquo;utilisation de cookies par Google via la\u00a0<a class=\"external-link-new-window\" title=\"Ouvre un lien externe dans une nouvelle fen\u00eatre\" href=\"http:\/\/www.google.com\/policies\/technologies\/ads\/\" target=\"_blank\" rel=\"nofollow noopener\">page de d\u00e9sactivation de la publicit\u00e9 Google<\/a>. Les utilisateurs ont \u00e9galement la possibilit\u00e9 de d\u00e9sactiver l&rsquo;utilisation de cookies par des fournisseurs tiers via la\u00a0<a class=\"external-link-new-window\" title=\"Ouvre un lien externe dans une nouvelle fen\u00eatre\" href=\"http:\/\/www.networkadvertising.org\/choices\/\" target=\"_blank\" rel=\"nofollow noopener\">page de d\u00e9sactivation de l&rsquo;Initiative pour la publicit\u00e9 en r\u00e9seau<\/a>.<\/p><p>Nous vous signalons toutefois que, dans ce cas, il se peut que vous ne puissiez pleinement utiliser l&rsquo;int\u00e9gralit\u00e9 des fonctionnalit\u00e9s de ce site web. En utilisant ce site web, vous consentez express\u00e9ment au traitement de vos donn\u00e9es collect\u00e9es par Google et ce, selon les conditions et aux fins susmentionn\u00e9es.<\/p><p>Il vous est \u00e0 tout moment possible de vous opposer, sans effet r\u00e9troactif, \u00e0 la collecte et \u00e0 l&rsquo;enregistrement de vos donn\u00e9es. Acc\u00e9dez \u00e0 toutes les indications quant aux dispositions de Google en cliquant\u00a0<a class=\"external-link-new-window\" title=\"Ouvre un lien externe dans une nouvelle fen\u00eatre\" href=\"http:\/\/www.google.com\/intl\/de\/policies\/privacy\/\" target=\"_blank\" rel=\"nofollow noopener\">ici<\/a>.<\/p><h2>Responsable de la protection des donn\u00e9es<\/h2><p>Ilja Alexander Jordy<br \/>Avocat<br \/>Agent de protection des donn\u00e9es externe<br \/><br \/><a class=\"mail\" title=\"Opens internal link in current window\" href=\"mailto:dataprotection@e-kern.com\">dataprotection@e-kern.com<\/a><\/p>\t\t\t\t\t\t\t\t<\/div>\n\t\t\t\t<\/div>\n\t\t\t\t\t<\/div>\n\t\t\t\t<\/div>\n\t\t\t\t<\/div>\n\t\t","protected":false},"excerpt":{"rendered":"<p>Politique de confidentialit\u00e9 de KERN Principe Nous prenons tr\u00e8s au s\u00e9rieux la protection de vos donn\u00e9es personnelles et les traitons de fa\u00e7on confidentielle, conform\u00e9ment aux r\u00e8glements l\u00e9gaux et \u00e0 la pr\u00e9sente d\u00e9claration de confidentialit\u00e9.\u00a0\u00a0\u00a0 Collecte de donn\u00e9es Nous ne collectons, ne traitons ou n&rsquo;utilisons de donn\u00e9es personnelles que dans la seule mesure o\u00f9 cela est [&hellip;]<\/p>\n","protected":false},"author":7,"featured_media":25968,"parent":0,"menu_order":0,"comment_status":"closed","ping_status":"closed","template":"","meta":{"_relevanssi_hide_post":"","_relevanssi_hide_content":"","_relevanssi_pin_for_all":"","_relevanssi_pin_keywords":"","_relevanssi_unpin_keywords":"","_relevanssi_related_keywords":"","_relevanssi_related_include_ids":"","_relevanssi_related_exclude_ids":"","_relevanssi_related_no_append":"","_relevanssi_related_not_related":"","_relevanssi_related_posts":"","_relevanssi_noindex_reason":"","footnotes":""},"folder":[241],"class_list":["post-28840","page","type-page","status-publish","has-post-thumbnail","hentry"],"yoast_head":"<!-- This site is optimized with the Yoast SEO plugin v27.0 - https:\/\/yoast.com\/product\/yoast-seo-wordpress\/ -->\n<title>Politique de confidentialit\u00e9 de KERN - \u00dcbersetzen und Dolmetschen in allen Weltsprachen | KERN AG<\/title>\n<meta name=\"robots\" content=\"noindex, follow, max-snippet:-1, max-image-preview:large, max-video-preview:-1\" \/>\n<meta property=\"og:locale\" content=\"fr_FR\" \/>\n<meta property=\"og:type\" content=\"article\" \/>\n<meta property=\"og:title\" content=\"Politique de confidentialit\u00e9 de KERN - \u00dcbersetzen und Dolmetschen in allen Weltsprachen | KERN AG\" \/>\n<meta property=\"og:description\" content=\"Politique de confidentialit\u00e9 de KERN Principe Nous prenons tr\u00e8s au s\u00e9rieux la protection de vos donn\u00e9es personnelles et les traitons de fa\u00e7on confidentielle, conform\u00e9ment aux r\u00e8glements l\u00e9gaux et \u00e0 la pr\u00e9sente d\u00e9claration de confidentialit\u00e9.\u00a0\u00a0\u00a0 Collecte de donn\u00e9es Nous ne collectons, ne traitons ou n&rsquo;utilisons de donn\u00e9es personnelles que dans la seule mesure o\u00f9 cela est [&hellip;]\" \/>\n<meta property=\"og:url\" content=\"https:\/\/e-kern.webaktuell10.com\/fr\/politique-de-confidentialite\/\" \/>\n<meta property=\"og:site_name\" content=\"\u00dcbersetzen und Dolmetschen in allen Weltsprachen | KERN AG\" \/>\n<meta property=\"article:modified_time\" content=\"2026-02-16T16:40:14+00:00\" \/>\n<meta property=\"og:image\" content=\"https:\/\/e-kern.webaktuell10.com\/wp-content\/uploads\/2026\/01\/datenschutzerklaerung.webp\" \/>\n\t<meta property=\"og:image:width\" content=\"1024\" \/>\n\t<meta property=\"og:image:height\" content=\"768\" \/>\n\t<meta property=\"og:image:type\" content=\"image\/webp\" \/>\n<meta name=\"twitter:card\" content=\"summary_large_image\" \/>\n<meta name=\"twitter:label1\" content=\"Dur\u00e9e de lecture estim\u00e9e\" \/>\n\t<meta name=\"twitter:data1\" content=\"6 minutes\" \/>\n<script type=\"application\/ld+json\" class=\"yoast-schema-graph\">{\"@context\":\"https:\/\/schema.org\",\"@graph\":[{\"@type\":\"WebPage\",\"@id\":\"https:\/\/e-kern.webaktuell10.com\/fr\/politique-de-confidentialite\/\",\"url\":\"https:\/\/e-kern.webaktuell10.com\/fr\/politique-de-confidentialite\/\",\"name\":\"Politique de confidentialit\u00e9 de KERN - \u00dcbersetzen und Dolmetschen in allen Weltsprachen | KERN AG\",\"isPartOf\":{\"@id\":\"https:\/\/e-kern.webaktuell10.com\/fr\/#website\"},\"primaryImageOfPage\":{\"@id\":\"https:\/\/e-kern.webaktuell10.com\/fr\/politique-de-confidentialite\/#primaryimage\"},\"image\":{\"@id\":\"https:\/\/e-kern.webaktuell10.com\/fr\/politique-de-confidentialite\/#primaryimage\"},\"thumbnailUrl\":\"https:\/\/e-kern.webaktuell10.com\/wp-content\/uploads\/2026\/01\/datenschutzerklaerung.webp\",\"datePublished\":\"2026-01-06T14:06:32+00:00\",\"dateModified\":\"2026-02-16T16:40:14+00:00\",\"breadcrumb\":{\"@id\":\"https:\/\/e-kern.webaktuell10.com\/fr\/politique-de-confidentialite\/#breadcrumb\"},\"inLanguage\":\"fr-FR\",\"potentialAction\":[{\"@type\":\"ReadAction\",\"target\":[\"https:\/\/e-kern.webaktuell10.com\/fr\/politique-de-confidentialite\/\"]}]},{\"@type\":\"ImageObject\",\"inLanguage\":\"fr-FR\",\"@id\":\"https:\/\/e-kern.webaktuell10.com\/fr\/politique-de-confidentialite\/#primaryimage\",\"url\":\"https:\/\/e-kern.webaktuell10.com\/wp-content\/uploads\/2026\/01\/datenschutzerklaerung.webp\",\"contentUrl\":\"https:\/\/e-kern.webaktuell10.com\/wp-content\/uploads\/2026\/01\/datenschutzerklaerung.webp\",\"width\":1024,\"height\":768},{\"@type\":\"BreadcrumbList\",\"@id\":\"https:\/\/e-kern.webaktuell10.com\/fr\/politique-de-confidentialite\/#breadcrumb\",\"itemListElement\":[{\"@type\":\"ListItem\",\"position\":1,\"name\":\"Accueil\",\"item\":\"https:\/\/e-kern.webaktuell10.com\/fr\/\"},{\"@type\":\"ListItem\",\"position\":2,\"name\":\"Politique de confidentialit\u00e9 de KERN\"}]},{\"@type\":\"WebSite\",\"@id\":\"https:\/\/e-kern.webaktuell10.com\/fr\/#website\",\"url\":\"https:\/\/e-kern.webaktuell10.com\/fr\/\",\"name\":\"\u00dcbersetzen und Dolmetschen in allen Weltsprachen | KERN AG\",\"description\":\"\",\"publisher\":{\"@id\":\"https:\/\/e-kern.webaktuell10.com\/fr\/#organization\"},\"potentialAction\":[{\"@type\":\"SearchAction\",\"target\":{\"@type\":\"EntryPoint\",\"urlTemplate\":\"https:\/\/e-kern.webaktuell10.com\/fr\/?s={search_term_string}\"},\"query-input\":{\"@type\":\"PropertyValueSpecification\",\"valueRequired\":true,\"valueName\":\"search_term_string\"}}],\"inLanguage\":\"fr-FR\"},{\"@type\":\"Organization\",\"@id\":\"https:\/\/e-kern.webaktuell10.com\/fr\/#organization\",\"name\":\"\u00dcbersetzen und Dolmetschen in allen Weltsprachen | KERN AG\",\"url\":\"https:\/\/e-kern.webaktuell10.com\/fr\/\",\"logo\":{\"@type\":\"ImageObject\",\"inLanguage\":\"fr-FR\",\"@id\":\"https:\/\/e-kern.webaktuell10.com\/fr\/#\/schema\/logo\/image\/\",\"url\":\"https:\/\/e-kern.webaktuell10.com\/wp-content\/uploads\/2025\/10\/kern-ag-logo.svg\",\"contentUrl\":\"https:\/\/e-kern.webaktuell10.com\/wp-content\/uploads\/2025\/10\/kern-ag-logo.svg\",\"width\":668,\"height\":181,\"caption\":\"\u00dcbersetzen und Dolmetschen in allen Weltsprachen | KERN AG\"},\"image\":{\"@id\":\"https:\/\/e-kern.webaktuell10.com\/fr\/#\/schema\/logo\/image\/\"}}]}<\/script>\n<!-- \/ Yoast SEO plugin. -->","yoast_head_json":{"title":"Politique de confidentialit\u00e9 de KERN - \u00dcbersetzen und Dolmetschen in allen Weltsprachen | KERN AG","robots":{"index":"noindex","follow":"follow","max-snippet":"max-snippet:-1","max-image-preview":"max-image-preview:large","max-video-preview":"max-video-preview:-1"},"og_locale":"fr_FR","og_type":"article","og_title":"Politique de confidentialit\u00e9 de KERN - \u00dcbersetzen und Dolmetschen in allen Weltsprachen | KERN AG","og_description":"Politique de confidentialit\u00e9 de KERN Principe Nous prenons tr\u00e8s au s\u00e9rieux la protection de vos donn\u00e9es personnelles et les traitons de fa\u00e7on confidentielle, conform\u00e9ment aux r\u00e8glements l\u00e9gaux et \u00e0 la pr\u00e9sente d\u00e9claration de confidentialit\u00e9.\u00a0\u00a0\u00a0 Collecte de donn\u00e9es Nous ne collectons, ne traitons ou n&rsquo;utilisons de donn\u00e9es personnelles que dans la seule mesure o\u00f9 cela est [&hellip;]","og_url":"https:\/\/e-kern.webaktuell10.com\/fr\/politique-de-confidentialite\/","og_site_name":"\u00dcbersetzen und Dolmetschen in allen Weltsprachen | KERN AG","article_modified_time":"2026-02-16T16:40:14+00:00","og_image":[{"width":1024,"height":768,"url":"https:\/\/e-kern.webaktuell10.com\/wp-content\/uploads\/2026\/01\/datenschutzerklaerung.webp","type":"image\/webp"}],"twitter_card":"summary_large_image","twitter_misc":{"Dur\u00e9e de lecture estim\u00e9e":"6 minutes"},"schema":{"@context":"https:\/\/schema.org","@graph":[{"@type":"WebPage","@id":"https:\/\/e-kern.webaktuell10.com\/fr\/politique-de-confidentialite\/","url":"https:\/\/e-kern.webaktuell10.com\/fr\/politique-de-confidentialite\/","name":"Politique de confidentialit\u00e9 de KERN - \u00dcbersetzen und Dolmetschen in allen Weltsprachen | KERN AG","isPartOf":{"@id":"https:\/\/e-kern.webaktuell10.com\/fr\/#website"},"primaryImageOfPage":{"@id":"https:\/\/e-kern.webaktuell10.com\/fr\/politique-de-confidentialite\/#primaryimage"},"image":{"@id":"https:\/\/e-kern.webaktuell10.com\/fr\/politique-de-confidentialite\/#primaryimage"},"thumbnailUrl":"https:\/\/e-kern.webaktuell10.com\/wp-content\/uploads\/2026\/01\/datenschutzerklaerung.webp","datePublished":"2026-01-06T14:06:32+00:00","dateModified":"2026-02-16T16:40:14+00:00","breadcrumb":{"@id":"https:\/\/e-kern.webaktuell10.com\/fr\/politique-de-confidentialite\/#breadcrumb"},"inLanguage":"fr-FR","potentialAction":[{"@type":"ReadAction","target":["https:\/\/e-kern.webaktuell10.com\/fr\/politique-de-confidentialite\/"]}]},{"@type":"ImageObject","inLanguage":"fr-FR","@id":"https:\/\/e-kern.webaktuell10.com\/fr\/politique-de-confidentialite\/#primaryimage","url":"https:\/\/e-kern.webaktuell10.com\/wp-content\/uploads\/2026\/01\/datenschutzerklaerung.webp","contentUrl":"https:\/\/e-kern.webaktuell10.com\/wp-content\/uploads\/2026\/01\/datenschutzerklaerung.webp","width":1024,"height":768},{"@type":"BreadcrumbList","@id":"https:\/\/e-kern.webaktuell10.com\/fr\/politique-de-confidentialite\/#breadcrumb","itemListElement":[{"@type":"ListItem","position":1,"name":"Accueil","item":"https:\/\/e-kern.webaktuell10.com\/fr\/"},{"@type":"ListItem","position":2,"name":"Politique de confidentialit\u00e9 de KERN"}]},{"@type":"WebSite","@id":"https:\/\/e-kern.webaktuell10.com\/fr\/#website","url":"https:\/\/e-kern.webaktuell10.com\/fr\/","name":"\u00dcbersetzen und Dolmetschen in allen Weltsprachen | KERN AG","description":"","publisher":{"@id":"https:\/\/e-kern.webaktuell10.com\/fr\/#organization"},"potentialAction":[{"@type":"SearchAction","target":{"@type":"EntryPoint","urlTemplate":"https:\/\/e-kern.webaktuell10.com\/fr\/?s={search_term_string}"},"query-input":{"@type":"PropertyValueSpecification","valueRequired":true,"valueName":"search_term_string"}}],"inLanguage":"fr-FR"},{"@type":"Organization","@id":"https:\/\/e-kern.webaktuell10.com\/fr\/#organization","name":"\u00dcbersetzen und Dolmetschen in allen Weltsprachen | KERN AG","url":"https:\/\/e-kern.webaktuell10.com\/fr\/","logo":{"@type":"ImageObject","inLanguage":"fr-FR","@id":"https:\/\/e-kern.webaktuell10.com\/fr\/#\/schema\/logo\/image\/","url":"https:\/\/e-kern.webaktuell10.com\/wp-content\/uploads\/2025\/10\/kern-ag-logo.svg","contentUrl":"https:\/\/e-kern.webaktuell10.com\/wp-content\/uploads\/2025\/10\/kern-ag-logo.svg","width":668,"height":181,"caption":"\u00dcbersetzen und Dolmetschen in allen Weltsprachen | KERN AG"},"image":{"@id":"https:\/\/e-kern.webaktuell10.com\/fr\/#\/schema\/logo\/image\/"}}]}},"_links":{"self":[{"href":"https:\/\/e-kern.webaktuell10.com\/fr\/wp-json\/wp\/v2\/pages\/28840","targetHints":{"allow":["GET"]}}],"collection":[{"href":"https:\/\/e-kern.webaktuell10.com\/fr\/wp-json\/wp\/v2\/pages"}],"about":[{"href":"https:\/\/e-kern.webaktuell10.com\/fr\/wp-json\/wp\/v2\/types\/page"}],"author":[{"embeddable":true,"href":"https:\/\/e-kern.webaktuell10.com\/fr\/wp-json\/wp\/v2\/users\/7"}],"replies":[{"embeddable":true,"href":"https:\/\/e-kern.webaktuell10.com\/fr\/wp-json\/wp\/v2\/comments?post=28840"}],"version-history":[{"count":5,"href":"https:\/\/e-kern.webaktuell10.com\/fr\/wp-json\/wp\/v2\/pages\/28840\/revisions"}],"predecessor-version":[{"id":28877,"href":"https:\/\/e-kern.webaktuell10.com\/fr\/wp-json\/wp\/v2\/pages\/28840\/revisions\/28877"}],"wp:featuredmedia":[{"embeddable":true,"href":"https:\/\/e-kern.webaktuell10.com\/fr\/wp-json\/wp\/v2\/media\/25968"}],"wp:attachment":[{"href":"https:\/\/e-kern.webaktuell10.com\/fr\/wp-json\/wp\/v2\/media?parent=28840"}],"wp:term":[{"taxonomy":"folder","embeddable":true,"href":"https:\/\/e-kern.webaktuell10.com\/fr\/wp-json\/wp\/v2\/folder?post=28840"}],"curies":[{"name":"wp","href":"https:\/\/api.w.org\/{rel}","templated":true}]}}