{"id":22617,"date":"2026-01-19T09:28:41","date_gmt":"2026-01-19T08:28:41","guid":{"rendered":"https:\/\/e-kern.webaktuell10.com\/lokalizacje\/lyon\/"},"modified":"2026-02-13T01:21:27","modified_gmt":"2026-02-13T00:21:27","slug":"lyon","status":"publish","type":"page","link":"https:\/\/e-kern.webaktuell10.com\/pl\/swiaty-kern\/lokalizacje\/lyon\/","title":{"rendered":"Lyon"},"content":{"rendered":"\t\t<div data-elementor-type=\"wp-page\" data-elementor-id=\"22617\" class=\"elementor elementor-22617 elementor-6916\" data-elementor-post-type=\"page\">\n\t\t\t\t<div class=\"elementor-element elementor-element-133c8a2c e-con-full e-flex e-con e-parent\" data-id=\"133c8a2c\" data-element_type=\"container\" data-e-type=\"container\" data-settings=\"{&quot;background_background&quot;:&quot;classic&quot;}\">\n\t\t\t\t<\/div>\n\t\t<div class=\"elementor-element elementor-element-53918875 e-flex e-con-boxed e-con e-parent\" data-id=\"53918875\" data-element_type=\"container\" data-e-type=\"container\">\n\t\t\t\t\t<div class=\"e-con-inner\">\n\t\t<div class=\"elementor-element elementor-element-220375dc e-con-full e-flex e-con e-child\" data-id=\"220375dc\" data-element_type=\"container\" data-e-type=\"container\" data-settings=\"{&quot;background_background&quot;:&quot;classic&quot;}\">\n\t\t\t\t<div class=\"elementor-element elementor-element-2ca50a45 elementor-widget elementor-widget-heading\" data-id=\"2ca50a45\" data-element_type=\"widget\" data-e-type=\"widget\" data-widget_type=\"heading.default\">\n\t\t\t\t\t<div class=\"elementor-heading-title elementor-size-default\">KERN SARL<\/div>\t\t\t\t<\/div>\n\t\t\t\t<div class=\"elementor-element elementor-element-268569d0 elementor-widget elementor-widget-heading\" data-id=\"268569d0\" data-element_type=\"widget\" data-e-type=\"widget\" data-widget_type=\"heading.default\">\n\t\t\t\t\t<div class=\"elementor-heading-title elementor-size-default\">Lyon<\/div>\t\t\t\t<\/div>\n\t\t\t\t<div class=\"elementor-element elementor-element-6093b62c elementor-icon-list--layout-traditional elementor-list-item-link-full_width elementor-widget elementor-widget-icon-list\" data-id=\"6093b62c\" data-element_type=\"widget\" data-e-type=\"widget\" data-widget_type=\"icon-list.default\">\n\t\t\t\t\t\t\t<ul class=\"elementor-icon-list-items\">\n\t\t\t\t\t\t\t<li class=\"elementor-icon-list-item\">\n\t\t\t\t\t\t\t\t\t\t\t<span class=\"elementor-icon-list-icon\">\n\t\t\t\t\t\t\t<svg aria-hidden=\"true\" class=\"e-font-icon-svg e-fas-map-marker-alt\" viewBox=\"0 0 384 512\" xmlns=\"http:\/\/www.w3.org\/2000\/svg\"><path d=\"M172.268 501.67C26.97 291.031 0 269.413 0 192 0 85.961 85.961 0 192 0s192 85.961 192 192c0 77.413-26.97 99.031-172.268 309.67-9.535 13.774-29.93 13.773-39.464 0zM192 272c44.183 0 80-35.817 80-80s-35.817-80-80-80-80 35.817-80 80 35.817 80 80 80z\"><\/path><\/svg>\t\t\t\t\t\t<\/span>\n\t\t\t\t\t\t\t\t\t\t<span class=\"elementor-icon-list-text\">100 E Cours Lafayette<\/br>69003 Lyon, Francja<\/span>\n\t\t\t\t\t\t\t\t\t<\/li>\n\t\t\t\t\t\t\t\t<li class=\"elementor-icon-list-item\">\n\t\t\t\t\t\t\t\t\t\t\t<span class=\"elementor-icon-list-icon\">\n\t\t\t\t\t\t\t<svg aria-hidden=\"true\" class=\"e-font-icon-svg e-fas-clock\" viewBox=\"0 0 512 512\" xmlns=\"http:\/\/www.w3.org\/2000\/svg\"><path d=\"M256,8C119,8,8,119,8,256S119,504,256,504,504,393,504,256,393,8,256,8Zm92.49,313h0l-20,25a16,16,0,0,1-22.49,2.5h0l-67-49.72a40,40,0,0,1-15-31.23V112a16,16,0,0,1,16-16h32a16,16,0,0,1,16,16V256l58,42.5A16,16,0,0,1,348.49,321Z\"><\/path><\/svg>\t\t\t\t\t\t<\/span>\n\t\t\t\t\t\t\t\t\t\t<span class=\"elementor-icon-list-text\">pon. &ndash; pt.: 8:00 &ndash; 18:00<\/span>\n\t\t\t\t\t\t\t\t\t<\/li>\n\t\t\t\t\t\t\t\t<li class=\"elementor-icon-list-item\">\n\t\t\t\t\t\t\t\t\t\t\t<a href=\"tel:+33478378373\">\n\n\t\t\t\t\t\t\t\t\t\t\t\t<span class=\"elementor-icon-list-icon\">\n\t\t\t\t\t\t\t<svg aria-hidden=\"true\" class=\"e-font-icon-svg e-fas-phone-alt\" viewBox=\"0 0 512 512\" xmlns=\"http:\/\/www.w3.org\/2000\/svg\"><path d=\"M497.39 361.8l-112-48a24 24 0 0 0-28 6.9l-49.6 60.6A370.66 370.66 0 0 1 130.6 204.11l60.6-49.6a23.94 23.94 0 0 0 6.9-28l-48-112A24.16 24.16 0 0 0 122.6.61l-104 24A24 24 0 0 0 0 48c0 256.5 207.9 464 464 464a24 24 0 0 0 23.4-18.6l24-104a24.29 24.29 0 0 0-14.01-27.6z\"><\/path><\/svg>\t\t\t\t\t\t<\/span>\n\t\t\t\t\t\t\t\t\t\t<span class=\"elementor-icon-list-text\">+33\u20064\u200678 37 83 73<\/span>\n\t\t\t\t\t\t\t\t\t\t\t<\/a>\n\t\t\t\t\t\t\t\t\t<\/li>\n\t\t\t\t\t\t\t\t<li class=\"elementor-icon-list-item\">\n\t\t\t\t\t\t\t\t\t\t\t<span class=\"elementor-icon-list-icon\">\n\t\t\t\t\t\t\t<svg aria-hidden=\"true\" class=\"e-font-icon-svg e-fas-fax\" viewBox=\"0 0 512 512\" xmlns=\"http:\/\/www.w3.org\/2000\/svg\"><path d=\"M480 160V77.25a32 32 0 0 0-9.38-22.63L425.37 9.37A32 32 0 0 0 402.75 0H160a32 32 0 0 0-32 32v448a32 32 0 0 0 32 32h320a32 32 0 0 0 32-32V192a32 32 0 0 0-32-32zM288 432a16 16 0 0 1-16 16h-32a16 16 0 0 1-16-16v-32a16 16 0 0 1 16-16h32a16 16 0 0 1 16 16zm0-128a16 16 0 0 1-16 16h-32a16 16 0 0 1-16-16v-32a16 16 0 0 1 16-16h32a16 16 0 0 1 16 16zm128 128a16 16 0 0 1-16 16h-32a16 16 0 0 1-16-16v-32a16 16 0 0 1 16-16h32a16 16 0 0 1 16 16zm0-128a16 16 0 0 1-16 16h-32a16 16 0 0 1-16-16v-32a16 16 0 0 1 16-16h32a16 16 0 0 1 16 16zm0-112H192V64h160v48a16 16 0 0 0 16 16h48zM64 128H32a32 32 0 0 0-32 32v320a32 32 0 0 0 32 32h32a32 32 0 0 0 32-32V160a32 32 0 0 0-32-32z\"><\/path><\/svg>\t\t\t\t\t\t<\/span>\n\t\t\t\t\t\t\t\t\t\t<span class=\"elementor-icon-list-text\">+33\u20064\u200678 37 79 99<\/span>\n\t\t\t\t\t\t\t\t\t<\/li>\n\t\t\t\t\t\t\t\t<li class=\"elementor-icon-list-item\">\n\t\t\t\t\t\t\t\t\t\t\t<a href=\"mailto:kern.lyon@e-kern.com\">\n\n\t\t\t\t\t\t\t\t\t\t\t\t<span class=\"elementor-icon-list-icon\">\n\t\t\t\t\t\t\t<svg aria-hidden=\"true\" class=\"e-font-icon-svg e-fas-at\" viewBox=\"0 0 512 512\" xmlns=\"http:\/\/www.w3.org\/2000\/svg\"><path d=\"M256 8C118.941 8 8 118.919 8 256c0 137.059 110.919 248 248 248 48.154 0 95.342-14.14 135.408-40.223 12.005-7.815 14.625-24.288 5.552-35.372l-10.177-12.433c-7.671-9.371-21.179-11.667-31.373-5.129C325.92 429.757 291.314 440 256 440c-101.458 0-184-82.542-184-184S154.542 72 256 72c100.139 0 184 57.619 184 160 0 38.786-21.093 79.742-58.17 83.693-17.349-.454-16.91-12.857-13.476-30.024l23.433-121.11C394.653 149.75 383.308 136 368.225 136h-44.981a13.518 13.518 0 0 0-13.432 11.993l-.01.092c-14.697-17.901-40.448-21.775-59.971-21.775-74.58 0-137.831 62.234-137.831 151.46 0 65.303 36.785 105.87 96 105.87 26.984 0 57.369-15.637 74.991-38.333 9.522 34.104 40.613 34.103 70.71 34.103C462.609 379.41 504 307.798 504 232 504 95.653 394.023 8 256 8zm-21.68 304.43c-22.249 0-36.07-15.623-36.07-40.771 0-44.993 30.779-72.729 58.63-72.729 22.292 0 35.601 15.241 35.601 40.77 0 45.061-33.875 72.73-58.161 72.73z\"><\/path><\/svg>\t\t\t\t\t\t<\/span>\n\t\t\t\t\t\t\t\t\t\t<span class=\"elementor-icon-list-text\">kern.lyon@e-kern.com<\/span>\n\t\t\t\t\t\t\t\t\t\t\t<\/a>\n\t\t\t\t\t\t\t\t\t<\/li>\n\t\t\t\t\t\t<\/ul>\n\t\t\t\t\t\t<\/div>\n\t\t\t\t<\/div>\n\t\t\t\t\t<\/div>\n\t\t\t\t<\/div>\n\t\t<div class=\"elementor-element elementor-element-32794bed e-flex e-con-boxed e-con e-parent\" data-id=\"32794bed\" data-element_type=\"container\" data-e-type=\"container\">\n\t\t\t\t\t<div class=\"e-con-inner\">\n\t\t\t\t<div class=\"elementor-element elementor-element-4c110a5d elementor-widget elementor-widget-breadcrumbs\" data-id=\"4c110a5d\" data-element_type=\"widget\" data-e-type=\"widget\" data-widget_type=\"breadcrumbs.default\">\n\t\t\t\t\t<p id=\"breadcrumbs\"><span><span><a href=\"https:\/\/e-kern.webaktuell10.com\/pl\/\">Strona g\u0142\u00f3wna<\/a><\/span><\/span><\/p>\t\t\t\t<\/div>\n\t\t\t\t\t<\/div>\n\t\t\t\t<\/div>\n\t\t<div class=\"elementor-element elementor-element-7b70c89b e-flex e-con-boxed e-con e-parent\" data-id=\"7b70c89b\" data-element_type=\"container\" data-e-type=\"container\">\n\t\t\t\t\t<div class=\"e-con-inner\">\n\t\t<div class=\"elementor-element elementor-element-68c6cca2 e-con-full e-flex e-con e-child\" data-id=\"68c6cca2\" data-element_type=\"container\" data-e-type=\"container\">\n\t\t<div class=\"elementor-element elementor-element-5bd1a1b e-con-full e-flex e-con e-child\" data-id=\"5bd1a1b\" data-element_type=\"container\" data-e-type=\"container\" data-settings=\"{&quot;background_background&quot;:&quot;gradient&quot;}\">\n\t\t\t\t<\/div>\n\t\t\t\t<div class=\"elementor-element elementor-element-a75f07d elementor-widget elementor-widget-heading\" data-id=\"a75f07d\" data-element_type=\"widget\" data-e-type=\"widget\" data-widget_type=\"heading.default\">\n\t\t\t\t\t<h1 class=\"elementor-heading-title elementor-size-default\">Twoje kompetentne biuro t\u0142umacze\u0144 w Lyonie<\/h1>\t\t\t\t<\/div>\n\t\t\t\t<div class=\"elementor-element elementor-element-78c488cd elementor-widget elementor-widget-heading\" data-id=\"78c488cd\" data-element_type=\"widget\" data-e-type=\"widget\" data-widget_type=\"heading.default\">\n\t\t\t\t\t<div class=\"elementor-heading-title elementor-size-default\">T\u0142umaczenia pisemne, ustne i wiele wi\u0119cej.<\/div>\t\t\t\t<\/div>\n\t\t\t\t<div class=\"elementor-element elementor-element-77741fdf elementor-widget elementor-widget-text-editor\" data-id=\"77741fdf\" data-element_type=\"widget\" data-e-type=\"widget\" data-widget_type=\"text-editor.default\">\n\t\t\t\t\t\t\t\t\t<p>Od 2001 roku firma KERN Global Language Services dzia\u0142a nie tylko w Pary\u017cu, ale tak\u017ce w Lyonie jako wiod\u0105cy dostawca kompleksowych us\u0142ug w zakresie globalnego zarz\u0105dzania j\u0119zykami. Doradzamy naszym renomowanym klientom we wszystkich kwestiach zwi\u0105zanych z t\u0142umaczeniami pisemnymi, t\u0142umaczeniami ustnymi, dokumentacj\u0105 techniczn\u0105, szkoleniami j\u0119zykowymi i wieloma innymi zagadnieniami, staraj\u0105c si\u0119 by\u0107 zawsze dost\u0119pni jako partner do rozm&oacute;w r&oacute;wnie\u017c na miejscu.<\/p><p>Nasz oddzia\u0142 znajduje si\u0119 przy Cours Lafayette, w dzielnicy biznesowej Part-Dieu, po obu stronach hali Paul Bocuse. Stamt\u0105d wspieramy ponad 500 000 mieszka\u0144c&oacute;w oraz r&oacute;\u017cne mi\u0119dzynarodowe agencje i us\u0142ugodawc&oacute;w, oferuj\u0105c im nasze kompleksowe portfolio. Je\u015bli r&oacute;wnie\u017c chcesz odwiedzi\u0107 &bdquo;miasto \u015bwiat\u0142a&rdquo;, znane na ca\u0142ym \u015bwiecie ze swojej doskona\u0142ej gastronomii, b\u0119dzie nam niezmiernie mi\u0142o go\u015bci\u0107 Ci\u0119 u nas!<\/p>\t\t\t\t\t\t\t\t<\/div>\n\t\t\t\t<\/div>\n\t\t\t\t\t<\/div>\n\t\t\t\t<\/div>\n\t\t\t\t<\/div>\n\t\t","protected":false},"excerpt":{"rendered":"<p>KERN SARL Lyon 100 E Cours Lafayette69003 Lyon, Francja pon. &ndash; pt.: 8:00 &ndash; 18:00 +33\u20064\u200678 37 83 73 +33\u20064\u200678 37 79 99 kern.lyon@e-kern.com Twoje kompetentne biuro t\u0142umacze\u0144 w Lyonie T\u0142umaczenia pisemne, ustne i wiele wi\u0119cej. Od 2001 roku firma KERN Global Language Services dzia\u0142a nie tylko w Pary\u017cu, ale tak\u017ce w Lyonie jako wiod\u0105cy [&hellip;]<\/p>\n","protected":false},"author":9,"featured_media":0,"parent":21364,"menu_order":0,"comment_status":"closed","ping_status":"closed","template":"","meta":{"_relevanssi_hide_post":"","_relevanssi_hide_content":"","_relevanssi_pin_for_all":"","_relevanssi_pin_keywords":"","_relevanssi_unpin_keywords":"","_relevanssi_related_keywords":"","_relevanssi_related_include_ids":"","_relevanssi_related_exclude_ids":"","_relevanssi_related_no_append":"","_relevanssi_related_not_related":"","_relevanssi_related_posts":"","_relevanssi_noindex_reason":"","footnotes":""},"folder":[232],"class_list":["post-22617","page","type-page","status-publish","hentry"],"yoast_head":"<!-- This site is optimized with the Yoast SEO plugin v27.0 - https:\/\/yoast.com\/product\/yoast-seo-wordpress\/ -->\n<title>Lyon - \u00dcbersetzen und Dolmetschen in allen Weltsprachen | KERN AG<\/title>\n<meta name=\"robots\" content=\"noindex, follow, max-snippet:-1, max-image-preview:large, max-video-preview:-1\" \/>\n<meta property=\"og:locale\" content=\"pl_PL\" \/>\n<meta property=\"og:type\" content=\"article\" \/>\n<meta property=\"og:title\" content=\"Lyon - \u00dcbersetzen und Dolmetschen in allen Weltsprachen | KERN AG\" \/>\n<meta property=\"og:description\" content=\"KERN SARL Lyon 100 E Cours Lafayette69003 Lyon, Francja pon. &ndash; pt.: 8:00 &ndash; 18:00 +33\u20064\u200678 37 83 73 +33\u20064\u200678 37 79 99 kern.lyon@e-kern.com Twoje kompetentne biuro t\u0142umacze\u0144 w Lyonie T\u0142umaczenia pisemne, ustne i wiele wi\u0119cej. Od 2001 roku firma KERN Global Language Services dzia\u0142a nie tylko w Pary\u017cu, ale tak\u017ce w Lyonie jako wiod\u0105cy [&hellip;]\" \/>\n<meta property=\"og:url\" content=\"https:\/\/e-kern.webaktuell10.com\/pl\/swiaty-kern\/lokalizacje\/lyon\/\" \/>\n<meta property=\"og:site_name\" content=\"\u00dcbersetzen und Dolmetschen in allen Weltsprachen | KERN AG\" \/>\n<meta property=\"article:modified_time\" content=\"2026-02-13T00:21:27+00:00\" \/>\n<meta name=\"twitter:card\" content=\"summary_large_image\" \/>\n<meta name=\"twitter:label1\" content=\"Szacowany czas czytania\" \/>\n\t<meta name=\"twitter:data1\" content=\"1 minuta\" \/>\n<script type=\"application\/ld+json\" class=\"yoast-schema-graph\">{\"@context\":\"https:\/\/schema.org\",\"@graph\":[{\"@type\":\"WebPage\",\"@id\":\"https:\/\/e-kern.webaktuell10.com\/pl\/swiaty-kern\/lokalizacje\/lyon\/\",\"url\":\"https:\/\/e-kern.webaktuell10.com\/pl\/swiaty-kern\/lokalizacje\/lyon\/\",\"name\":\"Lyon - \u00dcbersetzen und Dolmetschen in allen Weltsprachen | KERN AG\",\"isPartOf\":{\"@id\":\"https:\/\/e-kern.webaktuell10.com\/pl\/#website\"},\"datePublished\":\"2026-01-19T08:28:41+00:00\",\"dateModified\":\"2026-02-13T00:21:27+00:00\",\"breadcrumb\":{\"@id\":\"https:\/\/e-kern.webaktuell10.com\/pl\/swiaty-kern\/lokalizacje\/lyon\/#breadcrumb\"},\"inLanguage\":\"pl-PL\",\"potentialAction\":[{\"@type\":\"ReadAction\",\"target\":[\"https:\/\/e-kern.webaktuell10.com\/pl\/swiaty-kern\/lokalizacje\/lyon\/\"]}]},{\"@type\":\"BreadcrumbList\",\"@id\":\"https:\/\/e-kern.webaktuell10.com\/pl\/swiaty-kern\/lokalizacje\/lyon\/#breadcrumb\",\"itemListElement\":[{\"@type\":\"ListItem\",\"position\":1,\"name\":\"Strona g\u0142\u00f3wna\",\"item\":\"https:\/\/e-kern.webaktuell10.com\/pl\/\"},{\"@type\":\"ListItem\",\"position\":2,\"name\":\"\u015awiaty KERN\",\"item\":\"https:\/\/e-kern.webaktuell10.com\/pl\/kern-welten\/\"},{\"@type\":\"ListItem\",\"position\":3,\"name\":\"Lokalizacje\",\"item\":\"https:\/\/e-kern.webaktuell10.com\/pl\/kern-welten\/standorte\/\"},{\"@type\":\"ListItem\",\"position\":4,\"name\":\"Lyon\"}]},{\"@type\":\"WebSite\",\"@id\":\"https:\/\/e-kern.webaktuell10.com\/pl\/#website\",\"url\":\"https:\/\/e-kern.webaktuell10.com\/pl\/\",\"name\":\"\u00dcbersetzen und Dolmetschen in allen Weltsprachen | KERN AG\",\"description\":\"\",\"publisher\":{\"@id\":\"https:\/\/e-kern.webaktuell10.com\/pl\/#organization\"},\"potentialAction\":[{\"@type\":\"SearchAction\",\"target\":{\"@type\":\"EntryPoint\",\"urlTemplate\":\"https:\/\/e-kern.webaktuell10.com\/pl\/?s={search_term_string}\"},\"query-input\":{\"@type\":\"PropertyValueSpecification\",\"valueRequired\":true,\"valueName\":\"search_term_string\"}}],\"inLanguage\":\"pl-PL\"},{\"@type\":\"Organization\",\"@id\":\"https:\/\/e-kern.webaktuell10.com\/pl\/#organization\",\"name\":\"\u00dcbersetzen und Dolmetschen in allen Weltsprachen | KERN AG\",\"url\":\"https:\/\/e-kern.webaktuell10.com\/pl\/\",\"logo\":{\"@type\":\"ImageObject\",\"inLanguage\":\"pl-PL\",\"@id\":\"https:\/\/e-kern.webaktuell10.com\/pl\/#\/schema\/logo\/image\/\",\"url\":\"https:\/\/e-kern.webaktuell10.com\/wp-content\/uploads\/2025\/10\/kern-ag-logo.svg\",\"contentUrl\":\"https:\/\/e-kern.webaktuell10.com\/wp-content\/uploads\/2025\/10\/kern-ag-logo.svg\",\"width\":668,\"height\":181,\"caption\":\"\u00dcbersetzen und Dolmetschen in allen Weltsprachen | KERN AG\"},\"image\":{\"@id\":\"https:\/\/e-kern.webaktuell10.com\/pl\/#\/schema\/logo\/image\/\"}}]}<\/script>\n<!-- \/ Yoast SEO plugin. -->","yoast_head_json":{"title":"Lyon - \u00dcbersetzen und Dolmetschen in allen Weltsprachen | KERN AG","robots":{"index":"noindex","follow":"follow","max-snippet":"max-snippet:-1","max-image-preview":"max-image-preview:large","max-video-preview":"max-video-preview:-1"},"og_locale":"pl_PL","og_type":"article","og_title":"Lyon - \u00dcbersetzen und Dolmetschen in allen Weltsprachen | KERN AG","og_description":"KERN SARL Lyon 100 E Cours Lafayette69003 Lyon, Francja pon. &ndash; pt.: 8:00 &ndash; 18:00 +33\u20064\u200678 37 83 73 +33\u20064\u200678 37 79 99 kern.lyon@e-kern.com Twoje kompetentne biuro t\u0142umacze\u0144 w Lyonie T\u0142umaczenia pisemne, ustne i wiele wi\u0119cej. Od 2001 roku firma KERN Global Language Services dzia\u0142a nie tylko w Pary\u017cu, ale tak\u017ce w Lyonie jako wiod\u0105cy [&hellip;]","og_url":"https:\/\/e-kern.webaktuell10.com\/pl\/swiaty-kern\/lokalizacje\/lyon\/","og_site_name":"\u00dcbersetzen und Dolmetschen in allen Weltsprachen | KERN AG","article_modified_time":"2026-02-13T00:21:27+00:00","twitter_card":"summary_large_image","twitter_misc":{"Szacowany czas czytania":"1 minuta"},"schema":{"@context":"https:\/\/schema.org","@graph":[{"@type":"WebPage","@id":"https:\/\/e-kern.webaktuell10.com\/pl\/swiaty-kern\/lokalizacje\/lyon\/","url":"https:\/\/e-kern.webaktuell10.com\/pl\/swiaty-kern\/lokalizacje\/lyon\/","name":"Lyon - \u00dcbersetzen und Dolmetschen in allen Weltsprachen | KERN AG","isPartOf":{"@id":"https:\/\/e-kern.webaktuell10.com\/pl\/#website"},"datePublished":"2026-01-19T08:28:41+00:00","dateModified":"2026-02-13T00:21:27+00:00","breadcrumb":{"@id":"https:\/\/e-kern.webaktuell10.com\/pl\/swiaty-kern\/lokalizacje\/lyon\/#breadcrumb"},"inLanguage":"pl-PL","potentialAction":[{"@type":"ReadAction","target":["https:\/\/e-kern.webaktuell10.com\/pl\/swiaty-kern\/lokalizacje\/lyon\/"]}]},{"@type":"BreadcrumbList","@id":"https:\/\/e-kern.webaktuell10.com\/pl\/swiaty-kern\/lokalizacje\/lyon\/#breadcrumb","itemListElement":[{"@type":"ListItem","position":1,"name":"Strona g\u0142\u00f3wna","item":"https:\/\/e-kern.webaktuell10.com\/pl\/"},{"@type":"ListItem","position":2,"name":"\u015awiaty KERN","item":"https:\/\/e-kern.webaktuell10.com\/pl\/kern-welten\/"},{"@type":"ListItem","position":3,"name":"Lokalizacje","item":"https:\/\/e-kern.webaktuell10.com\/pl\/kern-welten\/standorte\/"},{"@type":"ListItem","position":4,"name":"Lyon"}]},{"@type":"WebSite","@id":"https:\/\/e-kern.webaktuell10.com\/pl\/#website","url":"https:\/\/e-kern.webaktuell10.com\/pl\/","name":"\u00dcbersetzen und Dolmetschen in allen Weltsprachen | KERN AG","description":"","publisher":{"@id":"https:\/\/e-kern.webaktuell10.com\/pl\/#organization"},"potentialAction":[{"@type":"SearchAction","target":{"@type":"EntryPoint","urlTemplate":"https:\/\/e-kern.webaktuell10.com\/pl\/?s={search_term_string}"},"query-input":{"@type":"PropertyValueSpecification","valueRequired":true,"valueName":"search_term_string"}}],"inLanguage":"pl-PL"},{"@type":"Organization","@id":"https:\/\/e-kern.webaktuell10.com\/pl\/#organization","name":"\u00dcbersetzen und Dolmetschen in allen Weltsprachen | KERN AG","url":"https:\/\/e-kern.webaktuell10.com\/pl\/","logo":{"@type":"ImageObject","inLanguage":"pl-PL","@id":"https:\/\/e-kern.webaktuell10.com\/pl\/#\/schema\/logo\/image\/","url":"https:\/\/e-kern.webaktuell10.com\/wp-content\/uploads\/2025\/10\/kern-ag-logo.svg","contentUrl":"https:\/\/e-kern.webaktuell10.com\/wp-content\/uploads\/2025\/10\/kern-ag-logo.svg","width":668,"height":181,"caption":"\u00dcbersetzen und Dolmetschen in allen Weltsprachen | KERN AG"},"image":{"@id":"https:\/\/e-kern.webaktuell10.com\/pl\/#\/schema\/logo\/image\/"}}]}},"_links":{"self":[{"href":"https:\/\/e-kern.webaktuell10.com\/pl\/wp-json\/wp\/v2\/pages\/22617","targetHints":{"allow":["GET"]}}],"collection":[{"href":"https:\/\/e-kern.webaktuell10.com\/pl\/wp-json\/wp\/v2\/pages"}],"about":[{"href":"https:\/\/e-kern.webaktuell10.com\/pl\/wp-json\/wp\/v2\/types\/page"}],"author":[{"embeddable":true,"href":"https:\/\/e-kern.webaktuell10.com\/pl\/wp-json\/wp\/v2\/users\/9"}],"replies":[{"embeddable":true,"href":"https:\/\/e-kern.webaktuell10.com\/pl\/wp-json\/wp\/v2\/comments?post=22617"}],"version-history":[{"count":2,"href":"https:\/\/e-kern.webaktuell10.com\/pl\/wp-json\/wp\/v2\/pages\/22617\/revisions"}],"predecessor-version":[{"id":22623,"href":"https:\/\/e-kern.webaktuell10.com\/pl\/wp-json\/wp\/v2\/pages\/22617\/revisions\/22623"}],"up":[{"embeddable":true,"href":"https:\/\/e-kern.webaktuell10.com\/pl\/wp-json\/wp\/v2\/pages\/21364"}],"wp:attachment":[{"href":"https:\/\/e-kern.webaktuell10.com\/pl\/wp-json\/wp\/v2\/media?parent=22617"}],"wp:term":[{"taxonomy":"folder","embeddable":true,"href":"https:\/\/e-kern.webaktuell10.com\/pl\/wp-json\/wp\/v2\/folder?post=22617"}],"curies":[{"name":"wp","href":"https:\/\/api.w.org\/{rel}","templated":true}]}}